

{"id":844,"date":"2021-06-08T18:30:22","date_gmt":"2021-06-08T16:30:22","guid":{"rendered":"http:\/\/prodevice.milleniumhost.pl\/?page_id=844"},"modified":"2024-11-05T09:31:39","modified_gmt":"2024-11-05T08:31:39","slug":"niszczarki-nosnikow","status":"publish","type":"page","link":"https:\/\/www.pro-device.com\/pl\/niszczarki-nosnikow\/","title":{"rendered":"Niszczarki no\u015bnik\u00f3w"},"content":{"rendered":"","protected":false},"excerpt":{"rendered":"","protected":false},"author":1,"featured_media":0,"parent":0,"menu_order":0,"comment_status":"closed","ping_status":"closed","template":"category.php","meta":{"_acf_changed":false,"footnotes":""},"class_list":["post-844","page","type-page","status-publish","hentry"],"acf":[],"yoast_head":"<!-- This site is optimized with the Yoast SEO plugin v27.5 - https:\/\/yoast.com\/product\/yoast-seo-wordpress\/ -->\n<title>Niszczarki do fizycznego niszczenia no\u015bnik\u00f3w danych | ProDevice<\/title>\n<meta name=\"description\" content=\"Niszczarki do fizycznego niszczenia no\u015bnik\u00f3w danych: dysk\u00f3w twardych, dysk\u00f3w SSD, telefon\u00f3w kom\u00f3rkowych, tablet\u00f3w itp. Idealne do biura.\" \/>\n<meta name=\"robots\" content=\"index, follow, max-snippet:-1, max-image-preview:large, max-video-preview:-1\" \/>\n<link rel=\"canonical\" href=\"https:\/\/www.pro-device.com\/pl\/niszczarki-nosnikow\/\" \/>\n<meta property=\"og:locale\" content=\"pl_PL\" \/>\n<meta property=\"og:type\" content=\"article\" \/>\n<meta property=\"og:title\" content=\"Niszczarki do fizycznego niszczenia no\u015bnik\u00f3w danych | ProDevice\" \/>\n<meta property=\"og:description\" content=\"Niszczarki do fizycznego niszczenia no\u015bnik\u00f3w danych: dysk\u00f3w twardych, dysk\u00f3w SSD, telefon\u00f3w kom\u00f3rkowych, tablet\u00f3w itp. Idealne do biura.\" \/>\n<meta property=\"og:url\" content=\"https:\/\/www.pro-device.com\/pl\/niszczarki-nosnikow\/\" \/>\n<meta property=\"og:site_name\" content=\"ProDevice\" \/>\n<meta property=\"article:modified_time\" content=\"2024-11-05T08:31:39+00:00\" \/>\n<meta name=\"twitter:card\" content=\"summary_large_image\" \/>\n<script type=\"application\/ld+json\" class=\"yoast-schema-graph\">{\"@context\":\"https:\\\/\\\/schema.org\",\"@graph\":[{\"@type\":\"WebPage\",\"@id\":\"https:\\\/\\\/www.pro-device.com\\\/pl\\\/niszczarki-nosnikow\\\/\",\"url\":\"https:\\\/\\\/www.pro-device.com\\\/pl\\\/niszczarki-nosnikow\\\/\",\"name\":\"Niszczarki do fizycznego niszczenia no\u015bnik\u00f3w danych | ProDevice\",\"isPartOf\":{\"@id\":\"https:\\\/\\\/www.pro-device.com\\\/pl\\\/#website\"},\"datePublished\":\"2021-06-08T16:30:22+00:00\",\"dateModified\":\"2024-11-05T08:31:39+00:00\",\"description\":\"Niszczarki do fizycznego niszczenia no\u015bnik\u00f3w danych: dysk\u00f3w twardych, dysk\u00f3w SSD, telefon\u00f3w kom\u00f3rkowych, tablet\u00f3w itp. Idealne do biura.\",\"breadcrumb\":{\"@id\":\"https:\\\/\\\/www.pro-device.com\\\/pl\\\/niszczarki-nosnikow\\\/#breadcrumb\"},\"inLanguage\":\"pl-PL\",\"potentialAction\":[{\"@type\":\"ReadAction\",\"target\":[\"https:\\\/\\\/www.pro-device.com\\\/pl\\\/niszczarki-nosnikow\\\/\"]}]},{\"@type\":\"BreadcrumbList\",\"@id\":\"https:\\\/\\\/www.pro-device.com\\\/pl\\\/niszczarki-nosnikow\\\/#breadcrumb\",\"itemListElement\":[{\"@type\":\"ListItem\",\"position\":1,\"name\":\"Home\",\"item\":\"https:\\\/\\\/www.pro-device.com\\\/pl\\\/\"},{\"@type\":\"ListItem\",\"position\":2,\"name\":\"Niszczarki no\u015bnik\u00f3w\"}]},{\"@type\":\"WebSite\",\"@id\":\"https:\\\/\\\/www.pro-device.com\\\/pl\\\/#website\",\"url\":\"https:\\\/\\\/www.pro-device.com\\\/pl\\\/\",\"name\":\"ProDevice\",\"description\":\"Kolejna witryna oparta na WordPressie\",\"potentialAction\":[{\"@type\":\"SearchAction\",\"target\":{\"@type\":\"EntryPoint\",\"urlTemplate\":\"https:\\\/\\\/www.pro-device.com\\\/pl\\\/?s={search_term_string}\"},\"query-input\":{\"@type\":\"PropertyValueSpecification\",\"valueRequired\":true,\"valueName\":\"search_term_string\"}}],\"inLanguage\":\"pl-PL\"}]}<\/script>\n<!-- \/ Yoast SEO plugin. -->","yoast_head_json":{"title":"Niszczarki do fizycznego niszczenia no\u015bnik\u00f3w danych | ProDevice","description":"Niszczarki do fizycznego niszczenia no\u015bnik\u00f3w danych: dysk\u00f3w twardych, dysk\u00f3w SSD, telefon\u00f3w kom\u00f3rkowych, tablet\u00f3w itp. Idealne do biura.","robots":{"index":"index","follow":"follow","max-snippet":"max-snippet:-1","max-image-preview":"max-image-preview:large","max-video-preview":"max-video-preview:-1"},"canonical":"https:\/\/www.pro-device.com\/pl\/niszczarki-nosnikow\/","og_locale":"pl_PL","og_type":"article","og_title":"Niszczarki do fizycznego niszczenia no\u015bnik\u00f3w danych | ProDevice","og_description":"Niszczarki do fizycznego niszczenia no\u015bnik\u00f3w danych: dysk\u00f3w twardych, dysk\u00f3w SSD, telefon\u00f3w kom\u00f3rkowych, tablet\u00f3w itp. Idealne do biura.","og_url":"https:\/\/www.pro-device.com\/pl\/niszczarki-nosnikow\/","og_site_name":"ProDevice","article_modified_time":"2024-11-05T08:31:39+00:00","twitter_card":"summary_large_image","schema":{"@context":"https:\/\/schema.org","@graph":[{"@type":"WebPage","@id":"https:\/\/www.pro-device.com\/pl\/niszczarki-nosnikow\/","url":"https:\/\/www.pro-device.com\/pl\/niszczarki-nosnikow\/","name":"Niszczarki do fizycznego niszczenia no\u015bnik\u00f3w danych | ProDevice","isPartOf":{"@id":"https:\/\/www.pro-device.com\/pl\/#website"},"datePublished":"2021-06-08T16:30:22+00:00","dateModified":"2024-11-05T08:31:39+00:00","description":"Niszczarki do fizycznego niszczenia no\u015bnik\u00f3w danych: dysk\u00f3w twardych, dysk\u00f3w SSD, telefon\u00f3w kom\u00f3rkowych, tablet\u00f3w itp. Idealne do biura.","breadcrumb":{"@id":"https:\/\/www.pro-device.com\/pl\/niszczarki-nosnikow\/#breadcrumb"},"inLanguage":"pl-PL","potentialAction":[{"@type":"ReadAction","target":["https:\/\/www.pro-device.com\/pl\/niszczarki-nosnikow\/"]}]},{"@type":"BreadcrumbList","@id":"https:\/\/www.pro-device.com\/pl\/niszczarki-nosnikow\/#breadcrumb","itemListElement":[{"@type":"ListItem","position":1,"name":"Home","item":"https:\/\/www.pro-device.com\/pl\/"},{"@type":"ListItem","position":2,"name":"Niszczarki no\u015bnik\u00f3w"}]},{"@type":"WebSite","@id":"https:\/\/www.pro-device.com\/pl\/#website","url":"https:\/\/www.pro-device.com\/pl\/","name":"ProDevice","description":"Kolejna witryna oparta na WordPressie","potentialAction":[{"@type":"SearchAction","target":{"@type":"EntryPoint","urlTemplate":"https:\/\/www.pro-device.com\/pl\/?s={search_term_string}"},"query-input":{"@type":"PropertyValueSpecification","valueRequired":true,"valueName":"search_term_string"}}],"inLanguage":"pl-PL"}]}},"_links":{"self":[{"href":"https:\/\/www.pro-device.com\/pl\/wp-json\/wp\/v2\/pages\/844","targetHints":{"allow":["GET"]}}],"collection":[{"href":"https:\/\/www.pro-device.com\/pl\/wp-json\/wp\/v2\/pages"}],"about":[{"href":"https:\/\/www.pro-device.com\/pl\/wp-json\/wp\/v2\/types\/page"}],"author":[{"embeddable":true,"href":"https:\/\/www.pro-device.com\/pl\/wp-json\/wp\/v2\/users\/1"}],"replies":[{"embeddable":true,"href":"https:\/\/www.pro-device.com\/pl\/wp-json\/wp\/v2\/comments?post=844"}],"version-history":[{"count":21,"href":"https:\/\/www.pro-device.com\/pl\/wp-json\/wp\/v2\/pages\/844\/revisions"}],"predecessor-version":[{"id":50316,"href":"https:\/\/www.pro-device.com\/pl\/wp-json\/wp\/v2\/pages\/844\/revisions\/50316"}],"wp:attachment":[{"href":"https:\/\/www.pro-device.com\/pl\/wp-json\/wp\/v2\/media?parent=844"}],"curies":[{"name":"wp","href":"https:\/\/api.w.org\/{rel}","templated":true}]}}