

{"id":1112,"date":"2021-06-09T13:59:41","date_gmt":"2021-06-09T11:59:41","guid":{"rendered":"http:\/\/prodevice.milleniumhost.pl\/?page_id=1112"},"modified":"2021-08-02T15:17:47","modified_gmt":"2021-08-02T13:17:47","slug":"case-study-bezpieczenstwo-it","status":"publish","type":"page","link":"https:\/\/www.pro-device.com\/pl\/case-study-bezpieczenstwo-it\/","title":{"rendered":"Case Study &#8211; Bezpiecze\u0144stwo IT"},"content":{"rendered":"","protected":false},"excerpt":{"rendered":"","protected":false},"author":6,"featured_media":0,"parent":0,"menu_order":0,"comment_status":"closed","ping_status":"closed","template":"page-casestudy.php","meta":{"_acf_changed":false,"footnotes":""},"class_list":["post-1112","page","type-page","status-publish","hentry"],"acf":[],"yoast_head":"<!-- This site is optimized with the Yoast SEO plugin v27.4 - https:\/\/yoast.com\/product\/yoast-seo-wordpress\/ -->\n<title>Case Study - Bezpiecze\u0144stwo IT | ProDevice<\/title>\n<meta name=\"description\" content=\"Case Study - bran\u017ca: Bezpiecze\u0144stwo IT\" \/>\n<meta name=\"robots\" content=\"index, follow, max-snippet:-1, max-image-preview:large, max-video-preview:-1\" \/>\n<link rel=\"canonical\" href=\"https:\/\/www.pro-device.com\/pl\/case-study-bezpieczenstwo-it\/\" \/>\n<meta property=\"og:locale\" content=\"pl_PL\" \/>\n<meta property=\"og:type\" content=\"article\" \/>\n<meta property=\"og:title\" content=\"Case Study - Bezpiecze\u0144stwo IT | ProDevice\" \/>\n<meta property=\"og:description\" content=\"Case Study - bran\u017ca: Bezpiecze\u0144stwo IT\" \/>\n<meta property=\"og:url\" content=\"https:\/\/www.pro-device.com\/pl\/case-study-bezpieczenstwo-it\/\" \/>\n<meta property=\"og:site_name\" content=\"ProDevice\" \/>\n<meta property=\"article:modified_time\" content=\"2021-08-02T13:17:47+00:00\" \/>\n<meta name=\"twitter:card\" content=\"summary_large_image\" \/>\n<script type=\"application\/ld+json\" class=\"yoast-schema-graph\">{\"@context\":\"https:\\\/\\\/schema.org\",\"@graph\":[{\"@type\":\"WebPage\",\"@id\":\"https:\\\/\\\/www.pro-device.com\\\/pl\\\/case-study-bezpieczenstwo-it\\\/\",\"url\":\"https:\\\/\\\/www.pro-device.com\\\/pl\\\/case-study-bezpieczenstwo-it\\\/\",\"name\":\"Case Study - Bezpiecze\u0144stwo IT | ProDevice\",\"isPartOf\":{\"@id\":\"https:\\\/\\\/www.pro-device.com\\\/pl\\\/#website\"},\"datePublished\":\"2021-06-09T11:59:41+00:00\",\"dateModified\":\"2021-08-02T13:17:47+00:00\",\"description\":\"Case Study - bran\u017ca: Bezpiecze\u0144stwo IT\",\"breadcrumb\":{\"@id\":\"https:\\\/\\\/www.pro-device.com\\\/pl\\\/case-study-bezpieczenstwo-it\\\/#breadcrumb\"},\"inLanguage\":\"pl-PL\",\"potentialAction\":[{\"@type\":\"ReadAction\",\"target\":[\"https:\\\/\\\/www.pro-device.com\\\/pl\\\/case-study-bezpieczenstwo-it\\\/\"]}]},{\"@type\":\"BreadcrumbList\",\"@id\":\"https:\\\/\\\/www.pro-device.com\\\/pl\\\/case-study-bezpieczenstwo-it\\\/#breadcrumb\",\"itemListElement\":[{\"@type\":\"ListItem\",\"position\":1,\"name\":\"Home\",\"item\":\"https:\\\/\\\/www.pro-device.com\\\/pl\\\/\"},{\"@type\":\"ListItem\",\"position\":2,\"name\":\"Case Study &#8211; Bezpiecze\u0144stwo IT\"}]},{\"@type\":\"WebSite\",\"@id\":\"https:\\\/\\\/www.pro-device.com\\\/pl\\\/#website\",\"url\":\"https:\\\/\\\/www.pro-device.com\\\/pl\\\/\",\"name\":\"ProDevice\",\"description\":\"Kolejna witryna oparta na WordPressie\",\"potentialAction\":[{\"@type\":\"SearchAction\",\"target\":{\"@type\":\"EntryPoint\",\"urlTemplate\":\"https:\\\/\\\/www.pro-device.com\\\/pl\\\/?s={search_term_string}\"},\"query-input\":{\"@type\":\"PropertyValueSpecification\",\"valueRequired\":true,\"valueName\":\"search_term_string\"}}],\"inLanguage\":\"pl-PL\"}]}<\/script>\n<!-- \/ Yoast SEO plugin. -->","yoast_head_json":{"title":"Case Study - Bezpiecze\u0144stwo IT | ProDevice","description":"Case Study - bran\u017ca: Bezpiecze\u0144stwo IT","robots":{"index":"index","follow":"follow","max-snippet":"max-snippet:-1","max-image-preview":"max-image-preview:large","max-video-preview":"max-video-preview:-1"},"canonical":"https:\/\/www.pro-device.com\/pl\/case-study-bezpieczenstwo-it\/","og_locale":"pl_PL","og_type":"article","og_title":"Case Study - Bezpiecze\u0144stwo IT | ProDevice","og_description":"Case Study - bran\u017ca: Bezpiecze\u0144stwo IT","og_url":"https:\/\/www.pro-device.com\/pl\/case-study-bezpieczenstwo-it\/","og_site_name":"ProDevice","article_modified_time":"2021-08-02T13:17:47+00:00","twitter_card":"summary_large_image","schema":{"@context":"https:\/\/schema.org","@graph":[{"@type":"WebPage","@id":"https:\/\/www.pro-device.com\/pl\/case-study-bezpieczenstwo-it\/","url":"https:\/\/www.pro-device.com\/pl\/case-study-bezpieczenstwo-it\/","name":"Case Study - Bezpiecze\u0144stwo IT | ProDevice","isPartOf":{"@id":"https:\/\/www.pro-device.com\/pl\/#website"},"datePublished":"2021-06-09T11:59:41+00:00","dateModified":"2021-08-02T13:17:47+00:00","description":"Case Study - bran\u017ca: Bezpiecze\u0144stwo IT","breadcrumb":{"@id":"https:\/\/www.pro-device.com\/pl\/case-study-bezpieczenstwo-it\/#breadcrumb"},"inLanguage":"pl-PL","potentialAction":[{"@type":"ReadAction","target":["https:\/\/www.pro-device.com\/pl\/case-study-bezpieczenstwo-it\/"]}]},{"@type":"BreadcrumbList","@id":"https:\/\/www.pro-device.com\/pl\/case-study-bezpieczenstwo-it\/#breadcrumb","itemListElement":[{"@type":"ListItem","position":1,"name":"Home","item":"https:\/\/www.pro-device.com\/pl\/"},{"@type":"ListItem","position":2,"name":"Case Study &#8211; Bezpiecze\u0144stwo IT"}]},{"@type":"WebSite","@id":"https:\/\/www.pro-device.com\/pl\/#website","url":"https:\/\/www.pro-device.com\/pl\/","name":"ProDevice","description":"Kolejna witryna oparta na WordPressie","potentialAction":[{"@type":"SearchAction","target":{"@type":"EntryPoint","urlTemplate":"https:\/\/www.pro-device.com\/pl\/?s={search_term_string}"},"query-input":{"@type":"PropertyValueSpecification","valueRequired":true,"valueName":"search_term_string"}}],"inLanguage":"pl-PL"}]}},"_links":{"self":[{"href":"https:\/\/www.pro-device.com\/pl\/wp-json\/wp\/v2\/pages\/1112","targetHints":{"allow":["GET"]}}],"collection":[{"href":"https:\/\/www.pro-device.com\/pl\/wp-json\/wp\/v2\/pages"}],"about":[{"href":"https:\/\/www.pro-device.com\/pl\/wp-json\/wp\/v2\/types\/page"}],"author":[{"embeddable":true,"href":"https:\/\/www.pro-device.com\/pl\/wp-json\/wp\/v2\/users\/6"}],"replies":[{"embeddable":true,"href":"https:\/\/www.pro-device.com\/pl\/wp-json\/wp\/v2\/comments?post=1112"}],"version-history":[{"count":5,"href":"https:\/\/www.pro-device.com\/pl\/wp-json\/wp\/v2\/pages\/1112\/revisions"}],"predecessor-version":[{"id":1118,"href":"https:\/\/www.pro-device.com\/pl\/wp-json\/wp\/v2\/pages\/1112\/revisions\/1118"}],"wp:attachment":[{"href":"https:\/\/www.pro-device.com\/pl\/wp-json\/wp\/v2\/media?parent=1112"}],"curies":[{"name":"wp","href":"https:\/\/api.w.org\/{rel}","templated":true}]}}