

{"id":4996,"date":"2021-05-27T13:29:01","date_gmt":"2021-05-27T11:29:01","guid":{"rendered":"http:\/\/prodevice.milleniumhost.pl\/polityka-prywatnosci-2\/"},"modified":"2021-07-28T08:49:12","modified_gmt":"2021-07-28T06:49:12","slug":"adatibiztonsag","status":"publish","type":"page","link":"https:\/\/www.pro-device.com\/hu\/adatibiztonsag\/","title":{"rendered":"Adatibiztons\u00e1g"},"content":{"rendered":"\n<p>Az al\u00e1bbiakban megtal\u00e1lja a www.pro-device.com weboldal haszn\u00e1lat\u00e1nak felt\u00e9teleit<br>A www.pro-device.com (\u201cWeboldal\u201d) honlapot a DISKUS Polska Sp. z o.o.<\/p>\n\n\n\n<p>A jelen adatv\u00e9delmi nyilatkozat 2018 m\u00e1jus\u00e1t\u00f3l hat\u00e1lyos.<\/p>\n\n\n\n<p>Az DISKUS Polska-n\u00e9l tudat\u00e1ban vagyunk annak, hogy mennyire fontos az \u00d6n szem\u00e9lyes adatainak v\u00e9delme, \u00e9s azok feldolgoz\u00e1sa sor\u00e1n felel\u0151sen \u00e9s a hat\u00e1lyos jogszab\u00e1lyoknak megfelel\u0151en j\u00e1runk el mindazon orsz\u00e1gokban, ahol az DISKUS Polska tev\u00e9kenykedik.<\/p>\n\n\n\n<p>A jelen adatv\u00e9delmi nyilatkozat az DISKUS Polska \u00e1ltal\u00e1nos adatv\u00e9delmi gyakorlat\u00e1t \u00edrja le, amely az \u00e1ltalunk a fogyaszt\u00f3inkkal, valamint az \u00fcgyfeleinkhez, \u00fczleti partnereinkhez, besz\u00e1ll\u00edt\u00f3inkhoz \u00e9s a vel\u00fcnk jelenleg vagy esetlegesen a j\u00f6v\u0151ben \u00fczleti viszonyban \u00e1ll\u00f3 szervezetekhez tartoz\u00f3 egy\u00e9b szem\u00e9lyekkel kapcsolatban gy\u0171jt\u00f6tt, felhaszn\u00e1lt \u00e9s k\u00f6zz\u00e9tett szem\u00e9lyes adatokra vonatkozik.<\/p>\n\n\n\n<p>A www.pro-device.com weboldalon tal\u00e1lhat\u00f3 term\u00e9kadatok csak t\u00e1j\u00e9koztat\u00f3 jelleg\u0171ek, \u00e9s nem jelentenek aj\u00e1nlatot a Polg\u00e1ri T\u00f6rv\u00e9nyk\u00f6nyv \u00e9rtelm\u00e9ben.<\/p>\n\n\n\n<p>A szem\u00e9lyes adatok gy\u0171jt\u00e9s\u00e9nek \u00e9s felhaszn\u00e1l\u00e1s\u00e1nak c\u00e9lja \u00e9s m\u00f3dja<\/p>\n\n\n\n<p>Az \u00d6nre mint egy\u00e9nre vonatkoz\u00f3 szem\u00e9lyes adatokat k\u00fcl\u00f6nb\u00f6z\u0151 c\u00e9lokkal gy\u0171jthetj\u00fck:<\/p>\n\n\n\n<ul class=\"wp-block-list\"><li>A webhelyeinkre val\u00f3 bel\u00e9p\u00e9skor vagy az online szolg\u00e1ltat\u00e1sok haszn\u00e1latakor r\u00f6gz\u00edthetj\u00fck a hozz\u00e1f\u00e9r\u00e9s biztos\u00edt\u00e1s\u00e1hoz, a webhely \u00fczemeltet\u00e9s\u00e9hez \u00e9s az azzal kapcsolatban felmer\u00fcl\u0151 biztons\u00e1gi \u00e9s jogi k\u00f6vetelm\u00e9nyeknek val\u00f3 megfelel\u00e9shez sz\u00fcks\u00e9ges inform\u00e1ci\u00f3kat, p\u00e9ld\u00e1ul a jelszavakat, az IP-c\u00edmeket \u00e9s a b\u00f6ng\u00e9sz\u0151be\u00e1ll\u00edt\u00e1sokat. A l\u00e1togat\u00e1s sor\u00e1n tett tev\u00e9kenys\u00e9geivel kapcsolatos inform\u00e1ci\u00f3kat is r\u00f6gz\u00edthet\u00fcnk a webhely haszn\u00e1lat\u00e1nak szem\u00e9lyre szab\u00e1sa \u00e9rdek\u00e9ben, p\u00e9ld\u00e1ul az \u00d6n preferenci\u00e1inak \u00e9s be\u00e1ll\u00edt\u00e1sainak r\u00f6gz\u00edt\u00e9s\u00e9vel, valamint a webhelyeink, term\u00e9keink \u00e9s szolg\u00e1ltat\u00e1saink tov\u00e1bbfejleszt\u00e9s\u00e9hez alapul szolg\u00e1l\u00f3 statisztik\u00e1k gy\u0171jt\u00e9s\u00e9vel.<\/li><li>Az inform\u00e1ci\u00f3k\u00e9r\u00e9sek, megrendel\u00e9sek \u00e9s t\u00e1mogat\u00e1si k\u00e9r\u00e9sek feldolgoz\u00e1sa<\/li><li>Amikor egy inform\u00e1ci\u00f3k\u00e9r\u00e9ssel, egy term\u00e9k vagy szolg\u00e1ltat\u00e1s megrendel\u00e9s\u00e9vel vagy egy t\u00e1mogat\u00e1si ig\u00e9nnyel kapcsolatban felveszi vel\u00fcnk a kapcsolatot (online vagy offline m\u00f3don), vagy r\u00e9szt vesz valamely f\u00f3rumon vagy egy\u00e9b k\u00f6z\u00f6ss\u00e9gi informatikai k\u00f6rnyezetben, r\u00f6gz\u00edtj\u00fck a k\u00e9r\u00e9s teljes\u00edt\u00e9s\u00e9hez, a term\u00e9khez vagy szolg\u00e1ltat\u00e1shoz t\u00f6rt\u00e9n\u0151 hozz\u00e1f\u00e9r\u00e9shez vagy a t\u00e1mogat\u00e1s ny\u00fajt\u00e1s\u00e1hoz, valamint az \u00d6nnel val\u00f3 kapcsolattart\u00e1shoz sz\u00fcks\u00e9ges adatokat. P\u00e9ld\u00e1ul r\u00f6gz\u00edtj\u00fck a nev\u00e9t \u00e9s kapcsolattart\u00e1si adatait, k\u00e9r\u00e9s\u00e9re, \u00e9s a vel\u00fcnk t\u00f6rt\u00e9nt meg\u00e1llapod\u00e1sa vonatkoz\u00f3, megrendel\u00e9se teljes\u00edt\u00e9s\u00e9vel, sz\u00e1ll\u00edt\u00e1s\u00e1val \u00e9s sz\u00e1ml\u00e1z\u00e1s\u00e1val kapcsolatos r\u00e9szleteket, amelyekbe beletartozhatnak \u00fcgyf\u00e9l-el\u00e9gedetts\u00e9gi felm\u00e9r\u00e9si inform\u00e1ci\u00f3k. Ezeket az adatokat adminisztrat\u00edv c\u00e9lokkal, a jogaink v\u00e9delme \u00e9rdek\u00e9ben \u00e9s az \u00d6nnel val\u00f3 kapcsolattart\u00e1shoz \u0151rizz\u00fck meg.<\/li><li>A jelenlegi \u00e9s lehets\u00e9ges \u00fcgyfelek, partnerek \u00e9s besz\u00e1ll\u00edt\u00f3k alkalmazottainak el\u00e9r\u00e9se<\/li><li>Jelenlegi \u00e9s lehets\u00e9ges \u00fcgyfeleink, partnereink \u00e9s besz\u00e1ll\u00edt\u00f3ink a vel\u00fck val\u00f3 egy\u00fcttm\u0171k\u00f6d\u00e9s\u00fcnk sor\u00e1n \u00fczleti kapcsolattart\u00e1si inform\u00e1ci\u00f3kat adnak \u00e1t sz\u00e1munkra (p\u00e9ld\u00e1ul az alkalmazottaik, megb\u00edzottaik, v\u00e1llalkoz\u00f3ik, tan\u00e1csad\u00f3ik \u00e9s enged\u00e9lyezett felhaszn\u00e1l\u00f3ik nev\u00e9t, \u00fczleti kapcsolattart\u00e1si adatait, beoszt\u00e1s\u00e1t \u00e9s c\u00edm\u00e9t) szerz\u0151d\u00e9skezel\u00e9si, teljes\u00edt\u00e9si, term\u00e9k sz\u00e1ll\u00edt\u00e1si- \u00e9s szolg\u00e1ltat\u00e1sny\u00fajt\u00e1si t\u00e1mogat\u00e1sny\u00fajt\u00e1si, sz\u00e1ml\u00e1z\u00e1si \u00e9s szolg\u00e1ltat\u00e1s- vagy kapcsolatkezel\u00e9si c\u00e9lokkal.<\/li><li>A l\u00e1togat\u00f3k adatai<\/li><li>R\u00f6gz\u00edtj\u00fck a telephelyeinkre \u00e9s helysz\u00edneinkre l\u00e1togat\u00f3k adatait (n\u00e9v, igazolv\u00e1ny- \u00e9s \u00fczleti kapcsolattart\u00e1si adatok), valamint biztons\u00e1gi, szem\u00e9ly- \u00e9s vagyonv\u00e9delmi, illetve szab\u00e1lyoz\u00e1si okokb\u00f3l kamer\u00e1val fel\u00fcgyelj\u00fck ezeket a ter\u00fcleteket.<\/li><\/ul>\n\n\n\n<p>A DISKUS Polska nem nevezi ki az adatv\u00e9delmi fel\u00fcgyel\u0151t. Az adatfeldolgoz\u00e1ssal kapcsolatos minden k\u00e9rd\u00e9sben a k\u00f6vetkez\u0151 e-mail c\u00edmen veheti fel a kapcsolatot az adminisztr\u00e1torral: abi@diskus.pl<\/p>\n","protected":false},"excerpt":{"rendered":"<p>Az al\u00e1bbiakban megtal\u00e1lja a www.pro-device.com weboldal haszn\u00e1lat\u00e1nak felt\u00e9teleitA www.pro-device.com (\u201cWeboldal\u201d) honlapot a DISKUS Polska Sp. z o.o. A jelen adatv\u00e9delmi nyilatkozat 2018 m\u00e1jus\u00e1t\u00f3l hat\u00e1lyos. Az DISKUS Polska-n\u00e9l tudat\u00e1ban vagyunk annak, hogy mennyire fontos az \u00d6n szem\u00e9lyes adatainak v\u00e9delme, \u00e9s azok feldolgoz\u00e1sa sor\u00e1n felel\u0151sen \u00e9s a hat\u00e1lyos jogszab\u00e1lyoknak megfelel\u0151en j\u00e1runk el mindazon orsz\u00e1gokban, ahol az DISKUS [&hellip;]<\/p>\n","protected":false},"author":1,"featured_media":0,"parent":0,"menu_order":0,"comment_status":"closed","ping_status":"closed","template":"","meta":{"_acf_changed":false,"footnotes":""},"class_list":["post-4996","page","type-page","status-publish","hentry"],"acf":[],"yoast_head":"<!-- This site is optimized with the Yoast SEO plugin v27.4 - https:\/\/yoast.com\/product\/yoast-seo-wordpress\/ -->\n<title>Adatibiztons\u00e1g - ProDevice<\/title>\n<meta name=\"robots\" content=\"index, follow, max-snippet:-1, max-image-preview:large, max-video-preview:-1\" \/>\n<link rel=\"canonical\" href=\"https:\/\/www.pro-device.com\/hu\/adatibiztonsag\/\" \/>\n<meta property=\"og:locale\" content=\"hu_HU\" \/>\n<meta property=\"og:type\" content=\"article\" \/>\n<meta property=\"og:title\" content=\"Adatibiztons\u00e1g - ProDevice\" \/>\n<meta property=\"og:description\" content=\"Az al\u00e1bbiakban megtal\u00e1lja a www.pro-device.com weboldal haszn\u00e1lat\u00e1nak felt\u00e9teleitA www.pro-device.com (\u201cWeboldal\u201d) honlapot a DISKUS Polska Sp. z o.o. A jelen adatv\u00e9delmi nyilatkozat 2018 m\u00e1jus\u00e1t\u00f3l hat\u00e1lyos. Az DISKUS Polska-n\u00e9l tudat\u00e1ban vagyunk annak, hogy mennyire fontos az \u00d6n szem\u00e9lyes adatainak v\u00e9delme, \u00e9s azok feldolgoz\u00e1sa sor\u00e1n felel\u0151sen \u00e9s a hat\u00e1lyos jogszab\u00e1lyoknak megfelel\u0151en j\u00e1runk el mindazon orsz\u00e1gokban, ahol az DISKUS [&hellip;]\" \/>\n<meta property=\"og:url\" content=\"https:\/\/www.pro-device.com\/hu\/adatibiztonsag\/\" \/>\n<meta property=\"og:site_name\" content=\"ProDevice\" \/>\n<meta property=\"article:modified_time\" content=\"2021-07-28T06:49:12+00:00\" \/>\n<meta name=\"twitter:card\" content=\"summary_large_image\" \/>\n<meta name=\"twitter:label1\" content=\"Becs\u00fclt olvas\u00e1si id\u0151\" \/>\n\t<meta name=\"twitter:data1\" content=\"2 perc\" \/>\n<script type=\"application\/ld+json\" class=\"yoast-schema-graph\">{\"@context\":\"https:\\\/\\\/schema.org\",\"@graph\":[{\"@type\":\"WebPage\",\"@id\":\"https:\\\/\\\/www.pro-device.com\\\/hu\\\/adatibiztonsag\\\/\",\"url\":\"https:\\\/\\\/www.pro-device.com\\\/hu\\\/adatibiztonsag\\\/\",\"name\":\"Adatibiztons\u00e1g - ProDevice\",\"isPartOf\":{\"@id\":\"https:\\\/\\\/www.pro-device.com\\\/pl\\\/#website\"},\"datePublished\":\"2021-05-27T11:29:01+00:00\",\"dateModified\":\"2021-07-28T06:49:12+00:00\",\"breadcrumb\":{\"@id\":\"https:\\\/\\\/www.pro-device.com\\\/hu\\\/adatibiztonsag\\\/#breadcrumb\"},\"inLanguage\":\"hu\",\"potentialAction\":[{\"@type\":\"ReadAction\",\"target\":[\"https:\\\/\\\/www.pro-device.com\\\/hu\\\/adatibiztonsag\\\/\"]}]},{\"@type\":\"BreadcrumbList\",\"@id\":\"https:\\\/\\\/www.pro-device.com\\\/hu\\\/adatibiztonsag\\\/#breadcrumb\",\"itemListElement\":[{\"@type\":\"ListItem\",\"position\":1,\"name\":\"Home\",\"item\":\"https:\\\/\\\/www.pro-device.com\\\/hu\\\/\"},{\"@type\":\"ListItem\",\"position\":2,\"name\":\"Adatibiztons\u00e1g\"}]},{\"@type\":\"WebSite\",\"@id\":\"https:\\\/\\\/www.pro-device.com\\\/pl\\\/#website\",\"url\":\"https:\\\/\\\/www.pro-device.com\\\/pl\\\/\",\"name\":\"ProDevice\",\"description\":\"Kolejna witryna oparta na WordPressie\",\"potentialAction\":[{\"@type\":\"SearchAction\",\"target\":{\"@type\":\"EntryPoint\",\"urlTemplate\":\"https:\\\/\\\/www.pro-device.com\\\/pl\\\/?s={search_term_string}\"},\"query-input\":{\"@type\":\"PropertyValueSpecification\",\"valueRequired\":true,\"valueName\":\"search_term_string\"}}],\"inLanguage\":\"hu\"}]}<\/script>\n<!-- \/ Yoast SEO plugin. -->","yoast_head_json":{"title":"Adatibiztons\u00e1g - ProDevice","robots":{"index":"index","follow":"follow","max-snippet":"max-snippet:-1","max-image-preview":"max-image-preview:large","max-video-preview":"max-video-preview:-1"},"canonical":"https:\/\/www.pro-device.com\/hu\/adatibiztonsag\/","og_locale":"hu_HU","og_type":"article","og_title":"Adatibiztons\u00e1g - ProDevice","og_description":"Az al\u00e1bbiakban megtal\u00e1lja a www.pro-device.com weboldal haszn\u00e1lat\u00e1nak felt\u00e9teleitA www.pro-device.com (\u201cWeboldal\u201d) honlapot a DISKUS Polska Sp. z o.o. A jelen adatv\u00e9delmi nyilatkozat 2018 m\u00e1jus\u00e1t\u00f3l hat\u00e1lyos. Az DISKUS Polska-n\u00e9l tudat\u00e1ban vagyunk annak, hogy mennyire fontos az \u00d6n szem\u00e9lyes adatainak v\u00e9delme, \u00e9s azok feldolgoz\u00e1sa sor\u00e1n felel\u0151sen \u00e9s a hat\u00e1lyos jogszab\u00e1lyoknak megfelel\u0151en j\u00e1runk el mindazon orsz\u00e1gokban, ahol az DISKUS [&hellip;]","og_url":"https:\/\/www.pro-device.com\/hu\/adatibiztonsag\/","og_site_name":"ProDevice","article_modified_time":"2021-07-28T06:49:12+00:00","twitter_card":"summary_large_image","twitter_misc":{"Becs\u00fclt olvas\u00e1si id\u0151":"2 perc"},"schema":{"@context":"https:\/\/schema.org","@graph":[{"@type":"WebPage","@id":"https:\/\/www.pro-device.com\/hu\/adatibiztonsag\/","url":"https:\/\/www.pro-device.com\/hu\/adatibiztonsag\/","name":"Adatibiztons\u00e1g - ProDevice","isPartOf":{"@id":"https:\/\/www.pro-device.com\/pl\/#website"},"datePublished":"2021-05-27T11:29:01+00:00","dateModified":"2021-07-28T06:49:12+00:00","breadcrumb":{"@id":"https:\/\/www.pro-device.com\/hu\/adatibiztonsag\/#breadcrumb"},"inLanguage":"hu","potentialAction":[{"@type":"ReadAction","target":["https:\/\/www.pro-device.com\/hu\/adatibiztonsag\/"]}]},{"@type":"BreadcrumbList","@id":"https:\/\/www.pro-device.com\/hu\/adatibiztonsag\/#breadcrumb","itemListElement":[{"@type":"ListItem","position":1,"name":"Home","item":"https:\/\/www.pro-device.com\/hu\/"},{"@type":"ListItem","position":2,"name":"Adatibiztons\u00e1g"}]},{"@type":"WebSite","@id":"https:\/\/www.pro-device.com\/pl\/#website","url":"https:\/\/www.pro-device.com\/pl\/","name":"ProDevice","description":"Kolejna witryna oparta na WordPressie","potentialAction":[{"@type":"SearchAction","target":{"@type":"EntryPoint","urlTemplate":"https:\/\/www.pro-device.com\/pl\/?s={search_term_string}"},"query-input":{"@type":"PropertyValueSpecification","valueRequired":true,"valueName":"search_term_string"}}],"inLanguage":"hu"}]}},"_links":{"self":[{"href":"https:\/\/www.pro-device.com\/hu\/wp-json\/wp\/v2\/pages\/4996","targetHints":{"allow":["GET"]}}],"collection":[{"href":"https:\/\/www.pro-device.com\/hu\/wp-json\/wp\/v2\/pages"}],"about":[{"href":"https:\/\/www.pro-device.com\/hu\/wp-json\/wp\/v2\/types\/page"}],"author":[{"embeddable":true,"href":"https:\/\/www.pro-device.com\/hu\/wp-json\/wp\/v2\/users\/1"}],"replies":[{"embeddable":true,"href":"https:\/\/www.pro-device.com\/hu\/wp-json\/wp\/v2\/comments?post=4996"}],"version-history":[{"count":1,"href":"https:\/\/www.pro-device.com\/hu\/wp-json\/wp\/v2\/pages\/4996\/revisions"}],"predecessor-version":[{"id":8084,"href":"https:\/\/www.pro-device.com\/hu\/wp-json\/wp\/v2\/pages\/4996\/revisions\/8084"}],"wp:attachment":[{"href":"https:\/\/www.pro-device.com\/hu\/wp-json\/wp\/v2\/media?parent=4996"}],"curies":[{"name":"wp","href":"https:\/\/api.w.org\/{rel}","templated":true}]}}