

{"id":1677,"date":"2021-06-05T14:39:26","date_gmt":"2021-06-05T12:39:26","guid":{"rendered":"http:\/\/prodevice.milleniumhost.pl\/szafy\/"},"modified":"2024-02-20T11:52:26","modified_gmt":"2024-02-20T10:52:26","slug":"adathordozo-tarolo-szekreny","status":"publish","type":"page","link":"https:\/\/www.pro-device.com\/hu\/adathordozo-tarolo-szekreny\/","title":{"rendered":"Adathordoz\u00f3k t\u00e1rol\u00e1sa"},"content":{"rendered":"","protected":false},"excerpt":{"rendered":"","protected":false},"author":1,"featured_media":0,"parent":0,"menu_order":0,"comment_status":"closed","ping_status":"closed","template":"category.php","meta":{"_acf_changed":false,"footnotes":""},"class_list":["post-1677","page","type-page","status-publish","hentry"],"acf":[],"yoast_head":"<!-- This site is optimized with the Yoast SEO plugin v27.5 - https:\/\/yoast.com\/product\/yoast-seo-wordpress\/ -->\n<title>Adathordoz\u00f3 t\u00e1rol\u00f3 szekr\u00e9ny DSS500 \u00e9s DSS600 | ProDevice<\/title>\n<meta name=\"description\" content=\"Az adathordoz\u00f3k t\u00e1rol\u00e1s\u00e1ra k\u00edn\u00e1lnak megold\u00e1st t\u00e1rol\u00f3szekr\u00e9nyek, amelyek ide\u00e1lisak merevlemez, m\u00e1gnesszalag, floppy lemezek t\u00e1rol\u00e1s\u00e1ra.\" \/>\n<meta name=\"robots\" content=\"index, follow, max-snippet:-1, max-image-preview:large, max-video-preview:-1\" \/>\n<link rel=\"canonical\" href=\"https:\/\/www.pro-device.com\/hu\/adathordozo-tarolo-szekreny\/\" \/>\n<meta property=\"og:locale\" content=\"hu_HU\" \/>\n<meta property=\"og:type\" content=\"article\" \/>\n<meta property=\"og:title\" content=\"Adathordoz\u00f3 t\u00e1rol\u00f3 szekr\u00e9ny DSS500 \u00e9s DSS600 | ProDevice\" \/>\n<meta property=\"og:description\" content=\"Az adathordoz\u00f3k t\u00e1rol\u00e1s\u00e1ra k\u00edn\u00e1lnak megold\u00e1st t\u00e1rol\u00f3szekr\u00e9nyek, amelyek ide\u00e1lisak merevlemez, m\u00e1gnesszalag, floppy lemezek t\u00e1rol\u00e1s\u00e1ra.\" \/>\n<meta property=\"og:url\" content=\"https:\/\/www.pro-device.com\/hu\/adathordozo-tarolo-szekreny\/\" \/>\n<meta property=\"og:site_name\" content=\"ProDevice\" \/>\n<meta property=\"article:modified_time\" content=\"2024-02-20T10:52:26+00:00\" \/>\n<meta name=\"twitter:card\" content=\"summary_large_image\" \/>\n<script type=\"application\/ld+json\" class=\"yoast-schema-graph\">{\"@context\":\"https:\\\/\\\/schema.org\",\"@graph\":[{\"@type\":\"WebPage\",\"@id\":\"https:\\\/\\\/www.pro-device.com\\\/hu\\\/adathordozo-tarolo-szekreny\\\/\",\"url\":\"https:\\\/\\\/www.pro-device.com\\\/hu\\\/adathordozo-tarolo-szekreny\\\/\",\"name\":\"Adathordoz\u00f3 t\u00e1rol\u00f3 szekr\u00e9ny DSS500 \u00e9s DSS600 | ProDevice\",\"isPartOf\":{\"@id\":\"https:\\\/\\\/www.pro-device.com\\\/pl\\\/#website\"},\"datePublished\":\"2021-06-05T12:39:26+00:00\",\"dateModified\":\"2024-02-20T10:52:26+00:00\",\"description\":\"Az adathordoz\u00f3k t\u00e1rol\u00e1s\u00e1ra k\u00edn\u00e1lnak megold\u00e1st t\u00e1rol\u00f3szekr\u00e9nyek, amelyek ide\u00e1lisak merevlemez, m\u00e1gnesszalag, floppy lemezek t\u00e1rol\u00e1s\u00e1ra.\",\"breadcrumb\":{\"@id\":\"https:\\\/\\\/www.pro-device.com\\\/hu\\\/adathordozo-tarolo-szekreny\\\/#breadcrumb\"},\"inLanguage\":\"hu\",\"potentialAction\":[{\"@type\":\"ReadAction\",\"target\":[\"https:\\\/\\\/www.pro-device.com\\\/hu\\\/adathordozo-tarolo-szekreny\\\/\"]}]},{\"@type\":\"BreadcrumbList\",\"@id\":\"https:\\\/\\\/www.pro-device.com\\\/hu\\\/adathordozo-tarolo-szekreny\\\/#breadcrumb\",\"itemListElement\":[{\"@type\":\"ListItem\",\"position\":1,\"name\":\"Home\",\"item\":\"https:\\\/\\\/www.pro-device.com\\\/hu\\\/\"},{\"@type\":\"ListItem\",\"position\":2,\"name\":\"Adathordoz\u00f3k t\u00e1rol\u00e1sa\"}]},{\"@type\":\"WebSite\",\"@id\":\"https:\\\/\\\/www.pro-device.com\\\/pl\\\/#website\",\"url\":\"https:\\\/\\\/www.pro-device.com\\\/pl\\\/\",\"name\":\"ProDevice\",\"description\":\"Kolejna witryna oparta na WordPressie\",\"potentialAction\":[{\"@type\":\"SearchAction\",\"target\":{\"@type\":\"EntryPoint\",\"urlTemplate\":\"https:\\\/\\\/www.pro-device.com\\\/pl\\\/?s={search_term_string}\"},\"query-input\":{\"@type\":\"PropertyValueSpecification\",\"valueRequired\":true,\"valueName\":\"search_term_string\"}}],\"inLanguage\":\"hu\"}]}<\/script>\n<!-- \/ Yoast SEO plugin. -->","yoast_head_json":{"title":"Adathordoz\u00f3 t\u00e1rol\u00f3 szekr\u00e9ny DSS500 \u00e9s DSS600 | ProDevice","description":"Az adathordoz\u00f3k t\u00e1rol\u00e1s\u00e1ra k\u00edn\u00e1lnak megold\u00e1st t\u00e1rol\u00f3szekr\u00e9nyek, amelyek ide\u00e1lisak merevlemez, m\u00e1gnesszalag, floppy lemezek t\u00e1rol\u00e1s\u00e1ra.","robots":{"index":"index","follow":"follow","max-snippet":"max-snippet:-1","max-image-preview":"max-image-preview:large","max-video-preview":"max-video-preview:-1"},"canonical":"https:\/\/www.pro-device.com\/hu\/adathordozo-tarolo-szekreny\/","og_locale":"hu_HU","og_type":"article","og_title":"Adathordoz\u00f3 t\u00e1rol\u00f3 szekr\u00e9ny DSS500 \u00e9s DSS600 | ProDevice","og_description":"Az adathordoz\u00f3k t\u00e1rol\u00e1s\u00e1ra k\u00edn\u00e1lnak megold\u00e1st t\u00e1rol\u00f3szekr\u00e9nyek, amelyek ide\u00e1lisak merevlemez, m\u00e1gnesszalag, floppy lemezek t\u00e1rol\u00e1s\u00e1ra.","og_url":"https:\/\/www.pro-device.com\/hu\/adathordozo-tarolo-szekreny\/","og_site_name":"ProDevice","article_modified_time":"2024-02-20T10:52:26+00:00","twitter_card":"summary_large_image","schema":{"@context":"https:\/\/schema.org","@graph":[{"@type":"WebPage","@id":"https:\/\/www.pro-device.com\/hu\/adathordozo-tarolo-szekreny\/","url":"https:\/\/www.pro-device.com\/hu\/adathordozo-tarolo-szekreny\/","name":"Adathordoz\u00f3 t\u00e1rol\u00f3 szekr\u00e9ny DSS500 \u00e9s DSS600 | ProDevice","isPartOf":{"@id":"https:\/\/www.pro-device.com\/pl\/#website"},"datePublished":"2021-06-05T12:39:26+00:00","dateModified":"2024-02-20T10:52:26+00:00","description":"Az adathordoz\u00f3k t\u00e1rol\u00e1s\u00e1ra k\u00edn\u00e1lnak megold\u00e1st t\u00e1rol\u00f3szekr\u00e9nyek, amelyek ide\u00e1lisak merevlemez, m\u00e1gnesszalag, floppy lemezek t\u00e1rol\u00e1s\u00e1ra.","breadcrumb":{"@id":"https:\/\/www.pro-device.com\/hu\/adathordozo-tarolo-szekreny\/#breadcrumb"},"inLanguage":"hu","potentialAction":[{"@type":"ReadAction","target":["https:\/\/www.pro-device.com\/hu\/adathordozo-tarolo-szekreny\/"]}]},{"@type":"BreadcrumbList","@id":"https:\/\/www.pro-device.com\/hu\/adathordozo-tarolo-szekreny\/#breadcrumb","itemListElement":[{"@type":"ListItem","position":1,"name":"Home","item":"https:\/\/www.pro-device.com\/hu\/"},{"@type":"ListItem","position":2,"name":"Adathordoz\u00f3k t\u00e1rol\u00e1sa"}]},{"@type":"WebSite","@id":"https:\/\/www.pro-device.com\/pl\/#website","url":"https:\/\/www.pro-device.com\/pl\/","name":"ProDevice","description":"Kolejna witryna oparta na WordPressie","potentialAction":[{"@type":"SearchAction","target":{"@type":"EntryPoint","urlTemplate":"https:\/\/www.pro-device.com\/pl\/?s={search_term_string}"},"query-input":{"@type":"PropertyValueSpecification","valueRequired":true,"valueName":"search_term_string"}}],"inLanguage":"hu"}]}},"_links":{"self":[{"href":"https:\/\/www.pro-device.com\/hu\/wp-json\/wp\/v2\/pages\/1677","targetHints":{"allow":["GET"]}}],"collection":[{"href":"https:\/\/www.pro-device.com\/hu\/wp-json\/wp\/v2\/pages"}],"about":[{"href":"https:\/\/www.pro-device.com\/hu\/wp-json\/wp\/v2\/types\/page"}],"author":[{"embeddable":true,"href":"https:\/\/www.pro-device.com\/hu\/wp-json\/wp\/v2\/users\/1"}],"replies":[{"embeddable":true,"href":"https:\/\/www.pro-device.com\/hu\/wp-json\/wp\/v2\/comments?post=1677"}],"version-history":[{"count":7,"href":"https:\/\/www.pro-device.com\/hu\/wp-json\/wp\/v2\/pages\/1677\/revisions"}],"predecessor-version":[{"id":43798,"href":"https:\/\/www.pro-device.com\/hu\/wp-json\/wp\/v2\/pages\/1677\/revisions\/43798"}],"wp:attachment":[{"href":"https:\/\/www.pro-device.com\/hu\/wp-json\/wp\/v2\/media?parent=1677"}],"curies":[{"name":"wp","href":"https:\/\/api.w.org\/{rel}","templated":true}]}}