

{"id":1642,"date":"2021-05-30T14:38:55","date_gmt":"2021-05-30T12:38:55","guid":{"rendered":"http:\/\/prodevice.milleniumhost.pl\/rejestracja-produktu\/"},"modified":"2024-08-14T13:05:29","modified_gmt":"2024-08-14T11:05:29","slug":"termek-regisztracio","status":"publish","type":"page","link":"https:\/\/www.pro-device.com\/hu\/termek-regisztracio\/","title":{"rendered":"Term\u00e9k regisztr\u00e1ci\u00f3"},"content":{"rendered":"\n<div class=\"wpcf7 no-js\" id=\"wpcf7-f6671-o1\" lang=\"pl-PL\" dir=\"ltr\" data-wpcf7-id=\"6671\">\n<div class=\"screen-reader-response\"><p role=\"status\" aria-live=\"polite\" aria-atomic=\"true\"><\/p> <ul><\/ul><\/div>\n<form action=\"\/hu\/wp-json\/wp\/v2\/pages\/1642#wpcf7-f6671-o1\" method=\"post\" class=\"wpcf7-form init\" aria-label=\"Formularz kontaktowy\" novalidate=\"novalidate\" data-status=\"init\">\n<fieldset class=\"hidden-fields-container\"><input type=\"hidden\" name=\"_wpcf7\" value=\"6671\" \/><input type=\"hidden\" name=\"_wpcf7_version\" value=\"6.1.5\" \/><input type=\"hidden\" name=\"_wpcf7_locale\" value=\"pl_PL\" \/><input type=\"hidden\" name=\"_wpcf7_unit_tag\" value=\"wpcf7-f6671-o1\" \/><input type=\"hidden\" name=\"_wpcf7_container_post\" value=\"0\" \/><input type=\"hidden\" name=\"_wpcf7_posted_data_hash\" value=\"\" \/><input type=\"hidden\" name=\"_wpcf7_recaptcha_response\" value=\"\" \/>\n<\/fieldset>\n<div class=\"row\">\n\t<div class=\"col-md-6\">\n\t\t<p><label><br \/>\n<span class=\"wpcf7-form-control-wrap\" data-name=\"your-name\"><input size=\"40\" maxlength=\"400\" class=\"wpcf7-form-control wpcf7-text wpcf7-validates-as-required\" aria-required=\"true\" aria-invalid=\"false\" placeholder=\"\u00dczleti\" value=\"\" type=\"text\" name=\"your-name\" \/><\/span> <\/label>\n\t\t<\/p>\n\t\t<p><label><br \/>\n<span class=\"wpcf7-form-control-wrap\" data-name=\"your-subject\"><input size=\"40\" maxlength=\"400\" class=\"wpcf7-form-control wpcf7-text wpcf7-validates-as-required\" aria-required=\"true\" aria-invalid=\"false\" placeholder=\"Keresztn\u00e9v, Vezet\u00e9kn\u00e9v\" value=\"\" type=\"text\" name=\"your-subject\" \/><\/span> <\/label>\n\t\t<\/p>\n\t\t<p><label><br \/>\n<span class=\"wpcf7-form-control-wrap\" data-name=\"tel-853\"><input size=\"40\" maxlength=\"400\" class=\"wpcf7-form-control wpcf7-tel wpcf7-validates-as-required wpcf7-text wpcf7-validates-as-tel\" aria-required=\"true\" aria-invalid=\"false\" placeholder=\"Telefon\" value=\"\" type=\"tel\" name=\"tel-853\" \/><\/span> <\/label>\n\t\t<\/p>\n\t\t<p><label><br \/>\n<span class=\"wpcf7-form-control-wrap\" data-name=\"your-email\"><input size=\"40\" maxlength=\"400\" class=\"wpcf7-form-control wpcf7-email wpcf7-validates-as-required wpcf7-text wpcf7-validates-as-email\" aria-required=\"true\" aria-invalid=\"false\" placeholder=\"E-mail\" value=\"\" type=\"email\" name=\"your-email\" \/><\/span> <\/label>\n\t\t<\/p>\n\t<\/div>\n\t<div class=\"col-md-6\">\n\t\t<p><label><br \/>\n<span class=\"wpcf7-form-control-wrap\" data-name=\"your-message\"><textarea cols=\"40\" rows=\"10\" maxlength=\"2000\" class=\"wpcf7-form-control wpcf7-textarea\" aria-invalid=\"false\" placeholder=\"\u00dczenet\" name=\"your-message\"><\/textarea><\/span> <\/label>\n\t\t<\/p>\n\t<\/div>\n<\/div>\n<div class=\"row padding\">\n\t<div class=\"col-md-6\">\n\t\t<p><label><br \/>\n<span class=\"wpcf7-form-control-wrap\" data-name=\"your-country\"><input size=\"40\" maxlength=\"400\" class=\"wpcf7-form-control wpcf7-text wpcf7-validates-as-required\" aria-required=\"true\" aria-invalid=\"false\" placeholder=\"Orsz\u00e1g:\" value=\"\" type=\"text\" name=\"your-country\" \/><\/span> <\/label>\n\t\t<\/p>\n\t<\/div>\n\t<div class=\"col-md-6\">\n\t\t<p><label><br \/>\n<span class=\"wpcf7-form-control-wrap\" data-name=\"your-nip\"><input size=\"40\" maxlength=\"400\" class=\"wpcf7-form-control wpcf7-text wpcf7-validates-as-required\" aria-required=\"true\" aria-invalid=\"false\" placeholder=\"Ad\u00f3sz\u00e1m\" value=\"\" type=\"text\" name=\"your-nip\" \/><\/span> <\/label>\n\t\t<\/p>\n\t<\/div>\n<\/div>\n<div class=\"row center\">\n\t<p class=\"zgloszenie_wybory\">Term\u00e9k t\u00edpus:\n\t<\/p>\n\t<p><span class=\"wpcf7-form-control-wrap\" data-name=\"radio-681\"><span class=\"wpcf7-form-control wpcf7-radio\"><span class=\"wpcf7-list-item first\"><label><input type=\"radio\" name=\"radio-681\" value=\"M\u00e1gneses adatmegsemmis\u00edt\u0151\" checked=\"checked\" \/><span class=\"wpcf7-list-item-label\">M\u00e1gneses adatmegsemmis\u00edt\u0151<\/span><\/label><\/span><span class=\"wpcf7-list-item\"><label><input type=\"radio\" name=\"radio-681\" value=\"Fizikai megsemmis\u00edt\u0151\" \/><span class=\"wpcf7-list-item-label\">Fizikai megsemmis\u00edt\u0151<\/span><\/label><\/span><span class=\"wpcf7-list-item\"><label><input type=\"radio\" name=\"radio-681\" value=\"T\u00e1rol\u00f3szekr\u00e9ny\" \/><span class=\"wpcf7-list-item-label\">T\u00e1rol\u00f3szekr\u00e9ny<\/span><\/label><\/span><span class=\"wpcf7-list-item\"><label><input type=\"radio\" name=\"radio-681\" value=\"Rack fi\u00f3k\" \/><span class=\"wpcf7-list-item-label\">Rack fi\u00f3k<\/span><\/label><\/span><span class=\"wpcf7-list-item last\"><label><input type=\"radio\" name=\"radio-681\" value=\"T\u00e1rol\u00f3 tok\" \/><span class=\"wpcf7-list-item-label\">T\u00e1rol\u00f3 tok<\/span><\/label><\/span><\/span><\/span>\n\t<\/p>\n<\/div>\n<div class=\"row padding\">\n\t<div class=\"col-md-6\">\n\t\t<p><label><br \/>\n<span class=\"wpcf7-form-control-wrap\" data-name=\"your-name2\"><input size=\"40\" maxlength=\"400\" class=\"wpcf7-form-control wpcf7-text wpcf7-validates-as-required\" aria-required=\"true\" aria-invalid=\"false\" placeholder=\"V\u00e1s\u00e1rl\u00e1s d\u00e1tuma\" value=\"\" type=\"text\" name=\"your-name2\" \/><\/span> <\/label>\n\t\t<\/p>\n\t<\/div>\n\t<div class=\"col-md-6\">\n\t\t<p><label><br \/>\n<span class=\"wpcf7-form-control-wrap\" data-name=\"your-name3\"><input size=\"40\" maxlength=\"400\" class=\"wpcf7-form-control wpcf7-text wpcf7-validates-as-required\" aria-required=\"true\" aria-invalid=\"false\" placeholder=\"Gy\u00e1ri sz\u00e1m\" value=\"\" type=\"text\" name=\"your-name3\" \/><\/span> <\/label>\n\t\t<\/p>\n\t<\/div>\n<\/div>\n<div class=\"row\">\n\t<div class=\"col-md-10\">\n\t\t<p><span class=\"wpcf7-form-control-wrap\" data-name=\"acceptance-458\"><span class=\"wpcf7-form-control wpcf7-acceptance\"><span class=\"wpcf7-list-item\"><label><input type=\"checkbox\" name=\"acceptance-458\" value=\"1\" aria-invalid=\"false\" \/><span class=\"wpcf7-list-item-label\">A szem\u00e9lyes adatv\u00e9delemi t\u00f6rv\u00e9nynek megfelel\u0151en (a 2016 \u00e1prilis 27-\u00e9n kelt T\u00f6rv\u00e9nyi fejezet 6.1, - OJ L 20166.05.04) ezennel hozz\u00e1j\u00e1rulok, hogy szem\u00e9lyes adataimat felhaszn\u00e1lj\u00e1k kapcsolat felv\u00e9telre. A teljes t\u00f6rv\u00e9nyi le\u00edr\u00e1s az adatv\u00e9delmi ir\u00e1nyelvek fejezetben tal\u00e1lhat\u00f3.<\/span><\/label><\/span><\/span><\/span>\n\t\t<\/p>\n\t<\/div>\n\t<div class=\"col-md-2\">\n\t\t<p><input class=\"wpcf7-form-control wpcf7-submit has-spinner\" type=\"submit\" value=\"K\u00fcld\" \/>\n\t\t<\/p>\n\t<\/div>\n<\/div><div class=\"wpcf7-response-output\" aria-hidden=\"true\"><\/div>\n<\/form>\n<\/div>\n\n","protected":false},"excerpt":{"rendered":"","protected":false},"author":1,"featured_media":0,"parent":0,"menu_order":0,"comment_status":"closed","ping_status":"closed","template":"page-rejestracja.php","meta":{"_acf_changed":false,"footnotes":""},"class_list":["post-1642","page","type-page","status-publish","hentry"],"acf":[],"yoast_head":"<!-- This site is optimized with the Yoast SEO plugin v27.5 - https:\/\/yoast.com\/product\/yoast-seo-wordpress\/ -->\n<title>Term\u00e9k regisztr\u00e1ci\u00f3 - ProDevice<\/title>\n<meta name=\"robots\" content=\"index, follow, max-snippet:-1, max-image-preview:large, max-video-preview:-1\" \/>\n<link rel=\"canonical\" href=\"https:\/\/www.pro-device.com\/hu\/termek-regisztracio\/\" \/>\n<meta property=\"og:locale\" content=\"hu_HU\" \/>\n<meta property=\"og:type\" content=\"article\" \/>\n<meta property=\"og:title\" content=\"Term\u00e9k regisztr\u00e1ci\u00f3 - ProDevice\" \/>\n<meta property=\"og:url\" content=\"https:\/\/www.pro-device.com\/hu\/termek-regisztracio\/\" \/>\n<meta property=\"og:site_name\" content=\"ProDevice\" \/>\n<meta property=\"article:modified_time\" content=\"2024-08-14T11:05:29+00:00\" \/>\n<meta name=\"twitter:card\" content=\"summary_large_image\" \/>\n<meta name=\"twitter:label1\" content=\"Becs\u00fclt olvas\u00e1si id\u0151\" \/>\n\t<meta name=\"twitter:data1\" content=\"1 perc\" \/>\n<script type=\"application\/ld+json\" class=\"yoast-schema-graph\">{\"@context\":\"https:\\\/\\\/schema.org\",\"@graph\":[{\"@type\":\"WebPage\",\"@id\":\"https:\\\/\\\/www.pro-device.com\\\/hu\\\/termek-regisztracio\\\/\",\"url\":\"https:\\\/\\\/www.pro-device.com\\\/hu\\\/termek-regisztracio\\\/\",\"name\":\"Term\u00e9k regisztr\u00e1ci\u00f3 - ProDevice\",\"isPartOf\":{\"@id\":\"https:\\\/\\\/www.pro-device.com\\\/pl\\\/#website\"},\"datePublished\":\"2021-05-30T12:38:55+00:00\",\"dateModified\":\"2024-08-14T11:05:29+00:00\",\"breadcrumb\":{\"@id\":\"https:\\\/\\\/www.pro-device.com\\\/hu\\\/termek-regisztracio\\\/#breadcrumb\"},\"inLanguage\":\"hu\",\"potentialAction\":[{\"@type\":\"ReadAction\",\"target\":[\"https:\\\/\\\/www.pro-device.com\\\/hu\\\/termek-regisztracio\\\/\"]}]},{\"@type\":\"BreadcrumbList\",\"@id\":\"https:\\\/\\\/www.pro-device.com\\\/hu\\\/termek-regisztracio\\\/#breadcrumb\",\"itemListElement\":[{\"@type\":\"ListItem\",\"position\":1,\"name\":\"Home\",\"item\":\"https:\\\/\\\/www.pro-device.com\\\/hu\\\/\"},{\"@type\":\"ListItem\",\"position\":2,\"name\":\"Term\u00e9k regisztr\u00e1ci\u00f3\"}]},{\"@type\":\"WebSite\",\"@id\":\"https:\\\/\\\/www.pro-device.com\\\/pl\\\/#website\",\"url\":\"https:\\\/\\\/www.pro-device.com\\\/pl\\\/\",\"name\":\"ProDevice\",\"description\":\"Kolejna witryna oparta na WordPressie\",\"potentialAction\":[{\"@type\":\"SearchAction\",\"target\":{\"@type\":\"EntryPoint\",\"urlTemplate\":\"https:\\\/\\\/www.pro-device.com\\\/pl\\\/?s={search_term_string}\"},\"query-input\":{\"@type\":\"PropertyValueSpecification\",\"valueRequired\":true,\"valueName\":\"search_term_string\"}}],\"inLanguage\":\"hu\"}]}<\/script>\n<!-- \/ Yoast SEO plugin. -->","yoast_head_json":{"title":"Term\u00e9k regisztr\u00e1ci\u00f3 - ProDevice","robots":{"index":"index","follow":"follow","max-snippet":"max-snippet:-1","max-image-preview":"max-image-preview:large","max-video-preview":"max-video-preview:-1"},"canonical":"https:\/\/www.pro-device.com\/hu\/termek-regisztracio\/","og_locale":"hu_HU","og_type":"article","og_title":"Term\u00e9k regisztr\u00e1ci\u00f3 - ProDevice","og_url":"https:\/\/www.pro-device.com\/hu\/termek-regisztracio\/","og_site_name":"ProDevice","article_modified_time":"2024-08-14T11:05:29+00:00","twitter_card":"summary_large_image","twitter_misc":{"Becs\u00fclt olvas\u00e1si id\u0151":"1 perc"},"schema":{"@context":"https:\/\/schema.org","@graph":[{"@type":"WebPage","@id":"https:\/\/www.pro-device.com\/hu\/termek-regisztracio\/","url":"https:\/\/www.pro-device.com\/hu\/termek-regisztracio\/","name":"Term\u00e9k regisztr\u00e1ci\u00f3 - ProDevice","isPartOf":{"@id":"https:\/\/www.pro-device.com\/pl\/#website"},"datePublished":"2021-05-30T12:38:55+00:00","dateModified":"2024-08-14T11:05:29+00:00","breadcrumb":{"@id":"https:\/\/www.pro-device.com\/hu\/termek-regisztracio\/#breadcrumb"},"inLanguage":"hu","potentialAction":[{"@type":"ReadAction","target":["https:\/\/www.pro-device.com\/hu\/termek-regisztracio\/"]}]},{"@type":"BreadcrumbList","@id":"https:\/\/www.pro-device.com\/hu\/termek-regisztracio\/#breadcrumb","itemListElement":[{"@type":"ListItem","position":1,"name":"Home","item":"https:\/\/www.pro-device.com\/hu\/"},{"@type":"ListItem","position":2,"name":"Term\u00e9k regisztr\u00e1ci\u00f3"}]},{"@type":"WebSite","@id":"https:\/\/www.pro-device.com\/pl\/#website","url":"https:\/\/www.pro-device.com\/pl\/","name":"ProDevice","description":"Kolejna witryna oparta na WordPressie","potentialAction":[{"@type":"SearchAction","target":{"@type":"EntryPoint","urlTemplate":"https:\/\/www.pro-device.com\/pl\/?s={search_term_string}"},"query-input":{"@type":"PropertyValueSpecification","valueRequired":true,"valueName":"search_term_string"}}],"inLanguage":"hu"}]}},"_links":{"self":[{"href":"https:\/\/www.pro-device.com\/hu\/wp-json\/wp\/v2\/pages\/1642","targetHints":{"allow":["GET"]}}],"collection":[{"href":"https:\/\/www.pro-device.com\/hu\/wp-json\/wp\/v2\/pages"}],"about":[{"href":"https:\/\/www.pro-device.com\/hu\/wp-json\/wp\/v2\/types\/page"}],"author":[{"embeddable":true,"href":"https:\/\/www.pro-device.com\/hu\/wp-json\/wp\/v2\/users\/1"}],"replies":[{"embeddable":true,"href":"https:\/\/www.pro-device.com\/hu\/wp-json\/wp\/v2\/comments?post=1642"}],"version-history":[{"count":4,"href":"https:\/\/www.pro-device.com\/hu\/wp-json\/wp\/v2\/pages\/1642\/revisions"}],"predecessor-version":[{"id":48176,"href":"https:\/\/www.pro-device.com\/hu\/wp-json\/wp\/v2\/pages\/1642\/revisions\/48176"}],"wp:attachment":[{"href":"https:\/\/www.pro-device.com\/hu\/wp-json\/wp\/v2\/media?parent=1642"}],"curies":[{"name":"wp","href":"https:\/\/api.w.org\/{rel}","templated":true}]}}