

{"id":1423,"date":"2021-05-23T14:52:17","date_gmt":"2021-05-23T12:52:17","guid":{"rendered":"http:\/\/prodevice.milleniumhost.pl\/produkty\/"},"modified":"2026-01-14T10:44:33","modified_gmt":"2026-01-14T09:44:33","slug":"termekek","status":"publish","type":"page","link":"https:\/\/www.pro-device.com\/hu\/termekek\/","title":{"rendered":"Term\u00e9kek"},"content":{"rendered":"\n<figure class=\"wp-block-embed is-type-video is-provider-youtube wp-block-embed-youtube wp-embed-aspect-16-9 wp-has-aspect-ratio\"><div class=\"wp-block-embed__wrapper\">\n<iframe loading=\"lazy\" title=\"ProDevice R&amp;D Center: degaussers and media shredders\" width=\"500\" height=\"281\" src=\"https:\/\/www.youtube.com\/embed\/kwjzN3WRSe8?feature=oembed\" frameborder=\"0\" allow=\"accelerometer; autoplay; clipboard-write; encrypted-media; gyroscope; picture-in-picture; web-share\" referrerpolicy=\"strict-origin-when-cross-origin\" allowfullscreen><\/iframe>\n<\/div><\/figure>\n","protected":false},"excerpt":{"rendered":"","protected":false},"author":1,"featured_media":0,"parent":0,"menu_order":0,"comment_status":"closed","ping_status":"closed","template":"page-produkty-all.php","meta":{"_acf_changed":false,"footnotes":""},"class_list":["post-1423","page","type-page","status-publish","hentry"],"acf":[],"yoast_head":"<!-- This site is optimized with the Yoast SEO plugin v27.4 - https:\/\/yoast.com\/product\/yoast-seo-wordpress\/ -->\n<title>Demagnetiz\u00e1l\u00f3k \u00e9s adathordoz\u00f3 megsemmis\u00edt\u0151k | ProDevice<\/title>\n<meta name=\"description\" content=\"Magas min\u0151s\u00e9g\u0171 megold\u00e1sokat aj\u00e1nlunk a biztons\u00e1gos \u00e9s visszavonhatatlan adatt\u00f6rl\u00e9s el\u00e9r\u00e9s\u00e9hez \u2013 demagnetiz\u00e1l\u00f3k \u00e9s adathordoz\u00f3 megsemmis\u00edt\u0151k.\" \/>\n<meta name=\"robots\" content=\"index, follow, max-snippet:-1, max-image-preview:large, max-video-preview:-1\" \/>\n<link rel=\"canonical\" href=\"https:\/\/www.pro-device.com\/hu\/termekek\/\" \/>\n<meta property=\"og:locale\" content=\"hu_HU\" \/>\n<meta property=\"og:type\" content=\"article\" \/>\n<meta property=\"og:title\" content=\"Demagnetiz\u00e1l\u00f3k \u00e9s adathordoz\u00f3 megsemmis\u00edt\u0151k | ProDevice\" \/>\n<meta property=\"og:description\" content=\"Magas min\u0151s\u00e9g\u0171 megold\u00e1sokat aj\u00e1nlunk a biztons\u00e1gos \u00e9s visszavonhatatlan adatt\u00f6rl\u00e9s el\u00e9r\u00e9s\u00e9hez \u2013 demagnetiz\u00e1l\u00f3k \u00e9s adathordoz\u00f3 megsemmis\u00edt\u0151k.\" \/>\n<meta property=\"og:url\" content=\"https:\/\/www.pro-device.com\/hu\/termekek\/\" \/>\n<meta property=\"og:site_name\" content=\"ProDevice\" \/>\n<meta property=\"article:modified_time\" content=\"2026-01-14T09:44:33+00:00\" \/>\n<meta name=\"twitter:card\" content=\"summary_large_image\" \/>\n<meta name=\"twitter:label1\" content=\"Becs\u00fclt olvas\u00e1si id\u0151\" \/>\n\t<meta name=\"twitter:data1\" content=\"1 perc\" \/>\n<script type=\"application\/ld+json\" class=\"yoast-schema-graph\">{\"@context\":\"https:\\\/\\\/schema.org\",\"@graph\":[{\"@type\":\"WebPage\",\"@id\":\"https:\\\/\\\/www.pro-device.com\\\/hu\\\/termekek\\\/\",\"url\":\"https:\\\/\\\/www.pro-device.com\\\/hu\\\/termekek\\\/\",\"name\":\"Demagnetiz\u00e1l\u00f3k \u00e9s adathordoz\u00f3 megsemmis\u00edt\u0151k | ProDevice\",\"isPartOf\":{\"@id\":\"https:\\\/\\\/www.pro-device.com\\\/pl\\\/#website\"},\"datePublished\":\"2021-05-23T12:52:17+00:00\",\"dateModified\":\"2026-01-14T09:44:33+00:00\",\"description\":\"Magas min\u0151s\u00e9g\u0171 megold\u00e1sokat aj\u00e1nlunk a biztons\u00e1gos \u00e9s visszavonhatatlan adatt\u00f6rl\u00e9s el\u00e9r\u00e9s\u00e9hez \u2013 demagnetiz\u00e1l\u00f3k \u00e9s adathordoz\u00f3 megsemmis\u00edt\u0151k.\",\"breadcrumb\":{\"@id\":\"https:\\\/\\\/www.pro-device.com\\\/hu\\\/termekek\\\/#breadcrumb\"},\"inLanguage\":\"hu\",\"potentialAction\":[{\"@type\":\"ReadAction\",\"target\":[\"https:\\\/\\\/www.pro-device.com\\\/hu\\\/termekek\\\/\"]}]},{\"@type\":\"BreadcrumbList\",\"@id\":\"https:\\\/\\\/www.pro-device.com\\\/hu\\\/termekek\\\/#breadcrumb\",\"itemListElement\":[{\"@type\":\"ListItem\",\"position\":1,\"name\":\"Home\",\"item\":\"https:\\\/\\\/www.pro-device.com\\\/hu\\\/\"},{\"@type\":\"ListItem\",\"position\":2,\"name\":\"Term\u00e9kek\"}]},{\"@type\":\"WebSite\",\"@id\":\"https:\\\/\\\/www.pro-device.com\\\/pl\\\/#website\",\"url\":\"https:\\\/\\\/www.pro-device.com\\\/pl\\\/\",\"name\":\"ProDevice\",\"description\":\"Kolejna witryna oparta na WordPressie\",\"potentialAction\":[{\"@type\":\"SearchAction\",\"target\":{\"@type\":\"EntryPoint\",\"urlTemplate\":\"https:\\\/\\\/www.pro-device.com\\\/pl\\\/?s={search_term_string}\"},\"query-input\":{\"@type\":\"PropertyValueSpecification\",\"valueRequired\":true,\"valueName\":\"search_term_string\"}}],\"inLanguage\":\"hu\"}]}<\/script>\n<!-- \/ Yoast SEO plugin. -->","yoast_head_json":{"title":"Demagnetiz\u00e1l\u00f3k \u00e9s adathordoz\u00f3 megsemmis\u00edt\u0151k | ProDevice","description":"Magas min\u0151s\u00e9g\u0171 megold\u00e1sokat aj\u00e1nlunk a biztons\u00e1gos \u00e9s visszavonhatatlan adatt\u00f6rl\u00e9s el\u00e9r\u00e9s\u00e9hez \u2013 demagnetiz\u00e1l\u00f3k \u00e9s adathordoz\u00f3 megsemmis\u00edt\u0151k.","robots":{"index":"index","follow":"follow","max-snippet":"max-snippet:-1","max-image-preview":"max-image-preview:large","max-video-preview":"max-video-preview:-1"},"canonical":"https:\/\/www.pro-device.com\/hu\/termekek\/","og_locale":"hu_HU","og_type":"article","og_title":"Demagnetiz\u00e1l\u00f3k \u00e9s adathordoz\u00f3 megsemmis\u00edt\u0151k | ProDevice","og_description":"Magas min\u0151s\u00e9g\u0171 megold\u00e1sokat aj\u00e1nlunk a biztons\u00e1gos \u00e9s visszavonhatatlan adatt\u00f6rl\u00e9s el\u00e9r\u00e9s\u00e9hez \u2013 demagnetiz\u00e1l\u00f3k \u00e9s adathordoz\u00f3 megsemmis\u00edt\u0151k.","og_url":"https:\/\/www.pro-device.com\/hu\/termekek\/","og_site_name":"ProDevice","article_modified_time":"2026-01-14T09:44:33+00:00","twitter_card":"summary_large_image","twitter_misc":{"Becs\u00fclt olvas\u00e1si id\u0151":"1 perc"},"schema":{"@context":"https:\/\/schema.org","@graph":[{"@type":"WebPage","@id":"https:\/\/www.pro-device.com\/hu\/termekek\/","url":"https:\/\/www.pro-device.com\/hu\/termekek\/","name":"Demagnetiz\u00e1l\u00f3k \u00e9s adathordoz\u00f3 megsemmis\u00edt\u0151k | ProDevice","isPartOf":{"@id":"https:\/\/www.pro-device.com\/pl\/#website"},"datePublished":"2021-05-23T12:52:17+00:00","dateModified":"2026-01-14T09:44:33+00:00","description":"Magas min\u0151s\u00e9g\u0171 megold\u00e1sokat aj\u00e1nlunk a biztons\u00e1gos \u00e9s visszavonhatatlan adatt\u00f6rl\u00e9s el\u00e9r\u00e9s\u00e9hez \u2013 demagnetiz\u00e1l\u00f3k \u00e9s adathordoz\u00f3 megsemmis\u00edt\u0151k.","breadcrumb":{"@id":"https:\/\/www.pro-device.com\/hu\/termekek\/#breadcrumb"},"inLanguage":"hu","potentialAction":[{"@type":"ReadAction","target":["https:\/\/www.pro-device.com\/hu\/termekek\/"]}]},{"@type":"BreadcrumbList","@id":"https:\/\/www.pro-device.com\/hu\/termekek\/#breadcrumb","itemListElement":[{"@type":"ListItem","position":1,"name":"Home","item":"https:\/\/www.pro-device.com\/hu\/"},{"@type":"ListItem","position":2,"name":"Term\u00e9kek"}]},{"@type":"WebSite","@id":"https:\/\/www.pro-device.com\/pl\/#website","url":"https:\/\/www.pro-device.com\/pl\/","name":"ProDevice","description":"Kolejna witryna oparta na WordPressie","potentialAction":[{"@type":"SearchAction","target":{"@type":"EntryPoint","urlTemplate":"https:\/\/www.pro-device.com\/pl\/?s={search_term_string}"},"query-input":{"@type":"PropertyValueSpecification","valueRequired":true,"valueName":"search_term_string"}}],"inLanguage":"hu"}]}},"_links":{"self":[{"href":"https:\/\/www.pro-device.com\/hu\/wp-json\/wp\/v2\/pages\/1423","targetHints":{"allow":["GET"]}}],"collection":[{"href":"https:\/\/www.pro-device.com\/hu\/wp-json\/wp\/v2\/pages"}],"about":[{"href":"https:\/\/www.pro-device.com\/hu\/wp-json\/wp\/v2\/types\/page"}],"author":[{"embeddable":true,"href":"https:\/\/www.pro-device.com\/hu\/wp-json\/wp\/v2\/users\/1"}],"replies":[{"embeddable":true,"href":"https:\/\/www.pro-device.com\/hu\/wp-json\/wp\/v2\/comments?post=1423"}],"version-history":[{"count":15,"href":"https:\/\/www.pro-device.com\/hu\/wp-json\/wp\/v2\/pages\/1423\/revisions"}],"predecessor-version":[{"id":84395,"href":"https:\/\/www.pro-device.com\/hu\/wp-json\/wp\/v2\/pages\/1423\/revisions\/84395"}],"wp:attachment":[{"href":"https:\/\/www.pro-device.com\/hu\/wp-json\/wp\/v2\/media?parent=1423"}],"curies":[{"name":"wp","href":"https:\/\/api.w.org\/{rel}","templated":true}]}}