

{"id":1375,"date":"2021-06-08T18:30:22","date_gmt":"2021-06-08T16:30:22","guid":{"rendered":"http:\/\/prodevice.milleniumhost.pl\/niszczarki-nosnikow\/"},"modified":"2025-09-17T15:36:51","modified_gmt":"2025-09-17T13:36:51","slug":"adathordozo-megsemmisitok","status":"publish","type":"page","link":"https:\/\/www.pro-device.com\/hu\/adathordozo-megsemmisitok\/","title":{"rendered":"Adathordoz\u00f3 megsemmis\u00edt\u0151k"},"content":{"rendered":"","protected":false},"excerpt":{"rendered":"","protected":false},"author":1,"featured_media":0,"parent":0,"menu_order":0,"comment_status":"closed","ping_status":"closed","template":"category.php","meta":{"_acf_changed":false,"footnotes":""},"class_list":["post-1375","page","type-page","status-publish","hentry"],"acf":[],"yoast_head":"<!-- This site is optimized with the Yoast SEO plugin v27.5 - https:\/\/yoast.com\/product\/yoast-seo-wordpress\/ -->\n<title>Adathordoz\u00f3k fizikai megsemmis\u00edt\u00e9se: | ProDevice<\/title>\n<meta name=\"description\" content=\"A ProDevice apr\u00edt\u00f3 berendez\u00e9sek a legkorszer\u0171bb eszk\u00f6z\u00f6k k\u00fcl\u00f6nb\u00f6z\u0151 elektronikai adathordoz\u00f3k fizikai megsemmis\u00edt\u00e9s\u00e9hez.\" \/>\n<meta name=\"robots\" content=\"index, follow, max-snippet:-1, max-image-preview:large, max-video-preview:-1\" \/>\n<link rel=\"canonical\" href=\"https:\/\/www.pro-device.com\/hu\/adathordozo-megsemmisitok\/\" \/>\n<meta property=\"og:locale\" content=\"hu_HU\" \/>\n<meta property=\"og:type\" content=\"article\" \/>\n<meta property=\"og:title\" content=\"Adathordoz\u00f3k fizikai megsemmis\u00edt\u00e9se: | ProDevice\" \/>\n<meta property=\"og:description\" content=\"A ProDevice apr\u00edt\u00f3 berendez\u00e9sek a legkorszer\u0171bb eszk\u00f6z\u00f6k k\u00fcl\u00f6nb\u00f6z\u0151 elektronikai adathordoz\u00f3k fizikai megsemmis\u00edt\u00e9s\u00e9hez.\" \/>\n<meta property=\"og:url\" content=\"https:\/\/www.pro-device.com\/hu\/adathordozo-megsemmisitok\/\" \/>\n<meta property=\"og:site_name\" content=\"ProDevice\" \/>\n<meta property=\"article:modified_time\" content=\"2025-09-17T13:36:51+00:00\" \/>\n<meta name=\"twitter:card\" content=\"summary_large_image\" \/>\n<script type=\"application\/ld+json\" class=\"yoast-schema-graph\">{\"@context\":\"https:\\\/\\\/schema.org\",\"@graph\":[{\"@type\":\"WebPage\",\"@id\":\"https:\\\/\\\/www.pro-device.com\\\/hu\\\/adathordozo-megsemmisitok\\\/\",\"url\":\"https:\\\/\\\/www.pro-device.com\\\/hu\\\/adathordozo-megsemmisitok\\\/\",\"name\":\"Adathordoz\u00f3k fizikai megsemmis\u00edt\u00e9se: | ProDevice\",\"isPartOf\":{\"@id\":\"https:\\\/\\\/www.pro-device.com\\\/pl\\\/#website\"},\"datePublished\":\"2021-06-08T16:30:22+00:00\",\"dateModified\":\"2025-09-17T13:36:51+00:00\",\"description\":\"A ProDevice apr\u00edt\u00f3 berendez\u00e9sek a legkorszer\u0171bb eszk\u00f6z\u00f6k k\u00fcl\u00f6nb\u00f6z\u0151 elektronikai adathordoz\u00f3k fizikai megsemmis\u00edt\u00e9s\u00e9hez.\",\"breadcrumb\":{\"@id\":\"https:\\\/\\\/www.pro-device.com\\\/hu\\\/adathordozo-megsemmisitok\\\/#breadcrumb\"},\"inLanguage\":\"hu\",\"potentialAction\":[{\"@type\":\"ReadAction\",\"target\":[\"https:\\\/\\\/www.pro-device.com\\\/hu\\\/adathordozo-megsemmisitok\\\/\"]}]},{\"@type\":\"BreadcrumbList\",\"@id\":\"https:\\\/\\\/www.pro-device.com\\\/hu\\\/adathordozo-megsemmisitok\\\/#breadcrumb\",\"itemListElement\":[{\"@type\":\"ListItem\",\"position\":1,\"name\":\"Home\",\"item\":\"https:\\\/\\\/www.pro-device.com\\\/hu\\\/\"},{\"@type\":\"ListItem\",\"position\":2,\"name\":\"Adathordoz\u00f3 megsemmis\u00edt\u0151k\"}]},{\"@type\":\"WebSite\",\"@id\":\"https:\\\/\\\/www.pro-device.com\\\/pl\\\/#website\",\"url\":\"https:\\\/\\\/www.pro-device.com\\\/pl\\\/\",\"name\":\"ProDevice\",\"description\":\"Kolejna witryna oparta na WordPressie\",\"potentialAction\":[{\"@type\":\"SearchAction\",\"target\":{\"@type\":\"EntryPoint\",\"urlTemplate\":\"https:\\\/\\\/www.pro-device.com\\\/pl\\\/?s={search_term_string}\"},\"query-input\":{\"@type\":\"PropertyValueSpecification\",\"valueRequired\":true,\"valueName\":\"search_term_string\"}}],\"inLanguage\":\"hu\"}]}<\/script>\n<!-- \/ Yoast SEO plugin. -->","yoast_head_json":{"title":"Adathordoz\u00f3k fizikai megsemmis\u00edt\u00e9se: | ProDevice","description":"A ProDevice apr\u00edt\u00f3 berendez\u00e9sek a legkorszer\u0171bb eszk\u00f6z\u00f6k k\u00fcl\u00f6nb\u00f6z\u0151 elektronikai adathordoz\u00f3k fizikai megsemmis\u00edt\u00e9s\u00e9hez.","robots":{"index":"index","follow":"follow","max-snippet":"max-snippet:-1","max-image-preview":"max-image-preview:large","max-video-preview":"max-video-preview:-1"},"canonical":"https:\/\/www.pro-device.com\/hu\/adathordozo-megsemmisitok\/","og_locale":"hu_HU","og_type":"article","og_title":"Adathordoz\u00f3k fizikai megsemmis\u00edt\u00e9se: | ProDevice","og_description":"A ProDevice apr\u00edt\u00f3 berendez\u00e9sek a legkorszer\u0171bb eszk\u00f6z\u00f6k k\u00fcl\u00f6nb\u00f6z\u0151 elektronikai adathordoz\u00f3k fizikai megsemmis\u00edt\u00e9s\u00e9hez.","og_url":"https:\/\/www.pro-device.com\/hu\/adathordozo-megsemmisitok\/","og_site_name":"ProDevice","article_modified_time":"2025-09-17T13:36:51+00:00","twitter_card":"summary_large_image","schema":{"@context":"https:\/\/schema.org","@graph":[{"@type":"WebPage","@id":"https:\/\/www.pro-device.com\/hu\/adathordozo-megsemmisitok\/","url":"https:\/\/www.pro-device.com\/hu\/adathordozo-megsemmisitok\/","name":"Adathordoz\u00f3k fizikai megsemmis\u00edt\u00e9se: | ProDevice","isPartOf":{"@id":"https:\/\/www.pro-device.com\/pl\/#website"},"datePublished":"2021-06-08T16:30:22+00:00","dateModified":"2025-09-17T13:36:51+00:00","description":"A ProDevice apr\u00edt\u00f3 berendez\u00e9sek a legkorszer\u0171bb eszk\u00f6z\u00f6k k\u00fcl\u00f6nb\u00f6z\u0151 elektronikai adathordoz\u00f3k fizikai megsemmis\u00edt\u00e9s\u00e9hez.","breadcrumb":{"@id":"https:\/\/www.pro-device.com\/hu\/adathordozo-megsemmisitok\/#breadcrumb"},"inLanguage":"hu","potentialAction":[{"@type":"ReadAction","target":["https:\/\/www.pro-device.com\/hu\/adathordozo-megsemmisitok\/"]}]},{"@type":"BreadcrumbList","@id":"https:\/\/www.pro-device.com\/hu\/adathordozo-megsemmisitok\/#breadcrumb","itemListElement":[{"@type":"ListItem","position":1,"name":"Home","item":"https:\/\/www.pro-device.com\/hu\/"},{"@type":"ListItem","position":2,"name":"Adathordoz\u00f3 megsemmis\u00edt\u0151k"}]},{"@type":"WebSite","@id":"https:\/\/www.pro-device.com\/pl\/#website","url":"https:\/\/www.pro-device.com\/pl\/","name":"ProDevice","description":"Kolejna witryna oparta na WordPressie","potentialAction":[{"@type":"SearchAction","target":{"@type":"EntryPoint","urlTemplate":"https:\/\/www.pro-device.com\/pl\/?s={search_term_string}"},"query-input":{"@type":"PropertyValueSpecification","valueRequired":true,"valueName":"search_term_string"}}],"inLanguage":"hu"}]}},"_links":{"self":[{"href":"https:\/\/www.pro-device.com\/hu\/wp-json\/wp\/v2\/pages\/1375","targetHints":{"allow":["GET"]}}],"collection":[{"href":"https:\/\/www.pro-device.com\/hu\/wp-json\/wp\/v2\/pages"}],"about":[{"href":"https:\/\/www.pro-device.com\/hu\/wp-json\/wp\/v2\/types\/page"}],"author":[{"embeddable":true,"href":"https:\/\/www.pro-device.com\/hu\/wp-json\/wp\/v2\/users\/1"}],"replies":[{"embeddable":true,"href":"https:\/\/www.pro-device.com\/hu\/wp-json\/wp\/v2\/comments?post=1375"}],"version-history":[{"count":14,"href":"https:\/\/www.pro-device.com\/hu\/wp-json\/wp\/v2\/pages\/1375\/revisions"}],"predecessor-version":[{"id":80381,"href":"https:\/\/www.pro-device.com\/hu\/wp-json\/wp\/v2\/pages\/1375\/revisions\/80381"}],"wp:attachment":[{"href":"https:\/\/www.pro-device.com\/hu\/wp-json\/wp\/v2\/media?parent=1375"}],"curies":[{"name":"wp","href":"https:\/\/api.w.org\/{rel}","templated":true}]}}