

{"id":856,"date":"2021-06-05T14:38:06","date_gmt":"2021-06-05T12:38:06","guid":{"rendered":"http:\/\/prodevice.milleniumhost.pl\/demagnetyzery\/"},"modified":"2025-08-11T15:36:18","modified_gmt":"2025-08-11T13:36:18","slug":"demagnetiseur","status":"publish","type":"page","link":"https:\/\/www.pro-device.com\/fr\/demagnetiseur\/","title":{"rendered":"D\u00e9magn\u00e9tiseur"},"content":{"rendered":"","protected":false},"excerpt":{"rendered":"","protected":false},"author":1,"featured_media":0,"parent":0,"menu_order":0,"comment_status":"closed","ping_status":"closed","template":"category.php","meta":{"_acf_changed":false,"footnotes":""},"class_list":["post-856","page","type-page","status-publish","hentry"],"acf":[],"yoast_head":"<!-- This site is optimized with the Yoast SEO plugin v27.4 - https:\/\/yoast.com\/product\/yoast-seo-wordpress\/ -->\n<title>D\u00e9magn\u00e9tiseur pour la suppression des donn\u00e9es | ProDevice<\/title>\n<meta name=\"description\" content=\"Sont des dispositifs de haute qualit\u00e9 pour la suppression s\u00fbre et irr\u00e9versible des donn\u00e9es des supports magn\u00e9tiques fonctionnels ou endommag\u00e9s\" \/>\n<meta name=\"robots\" content=\"index, follow, max-snippet:-1, max-image-preview:large, max-video-preview:-1\" \/>\n<link rel=\"canonical\" href=\"https:\/\/www.pro-device.com\/fr\/demagnetiseur\/\" \/>\n<meta property=\"og:locale\" content=\"fr_FR\" \/>\n<meta property=\"og:type\" content=\"article\" \/>\n<meta property=\"og:title\" content=\"D\u00e9magn\u00e9tiseur pour la suppression des donn\u00e9es | ProDevice\" \/>\n<meta property=\"og:description\" content=\"Sont des dispositifs de haute qualit\u00e9 pour la suppression s\u00fbre et irr\u00e9versible des donn\u00e9es des supports magn\u00e9tiques fonctionnels ou endommag\u00e9s\" \/>\n<meta property=\"og:url\" content=\"https:\/\/www.pro-device.com\/fr\/demagnetiseur\/\" \/>\n<meta property=\"og:site_name\" content=\"ProDevice\" \/>\n<meta property=\"article:modified_time\" content=\"2025-08-11T13:36:18+00:00\" \/>\n<meta name=\"twitter:card\" content=\"summary_large_image\" \/>\n<script type=\"application\/ld+json\" class=\"yoast-schema-graph\">{\"@context\":\"https:\\\/\\\/schema.org\",\"@graph\":[{\"@type\":\"WebPage\",\"@id\":\"https:\\\/\\\/www.pro-device.com\\\/fr\\\/demagnetiseur\\\/\",\"url\":\"https:\\\/\\\/www.pro-device.com\\\/fr\\\/demagnetiseur\\\/\",\"name\":\"D\u00e9magn\u00e9tiseur pour la suppression des donn\u00e9es | ProDevice\",\"isPartOf\":{\"@id\":\"https:\\\/\\\/www.pro-device.com\\\/pl\\\/#website\"},\"datePublished\":\"2021-06-05T12:38:06+00:00\",\"dateModified\":\"2025-08-11T13:36:18+00:00\",\"description\":\"Sont des dispositifs de haute qualit\u00e9 pour la suppression s\u00fbre et irr\u00e9versible des donn\u00e9es des supports magn\u00e9tiques fonctionnels ou endommag\u00e9s\",\"breadcrumb\":{\"@id\":\"https:\\\/\\\/www.pro-device.com\\\/fr\\\/demagnetiseur\\\/#breadcrumb\"},\"inLanguage\":\"fr-FR\",\"potentialAction\":[{\"@type\":\"ReadAction\",\"target\":[\"https:\\\/\\\/www.pro-device.com\\\/fr\\\/demagnetiseur\\\/\"]}]},{\"@type\":\"BreadcrumbList\",\"@id\":\"https:\\\/\\\/www.pro-device.com\\\/fr\\\/demagnetiseur\\\/#breadcrumb\",\"itemListElement\":[{\"@type\":\"ListItem\",\"position\":1,\"name\":\"Home\",\"item\":\"https:\\\/\\\/www.pro-device.com\\\/fr\\\/\"},{\"@type\":\"ListItem\",\"position\":2,\"name\":\"D\u00e9magn\u00e9tiseur\"}]},{\"@type\":\"WebSite\",\"@id\":\"https:\\\/\\\/www.pro-device.com\\\/pl\\\/#website\",\"url\":\"https:\\\/\\\/www.pro-device.com\\\/pl\\\/\",\"name\":\"ProDevice\",\"description\":\"Kolejna witryna oparta na WordPressie\",\"potentialAction\":[{\"@type\":\"SearchAction\",\"target\":{\"@type\":\"EntryPoint\",\"urlTemplate\":\"https:\\\/\\\/www.pro-device.com\\\/pl\\\/?s={search_term_string}\"},\"query-input\":{\"@type\":\"PropertyValueSpecification\",\"valueRequired\":true,\"valueName\":\"search_term_string\"}}],\"inLanguage\":\"fr-FR\"}]}<\/script>\n<!-- \/ Yoast SEO plugin. -->","yoast_head_json":{"title":"D\u00e9magn\u00e9tiseur pour la suppression des donn\u00e9es | ProDevice","description":"Sont des dispositifs de haute qualit\u00e9 pour la suppression s\u00fbre et irr\u00e9versible des donn\u00e9es des supports magn\u00e9tiques fonctionnels ou endommag\u00e9s","robots":{"index":"index","follow":"follow","max-snippet":"max-snippet:-1","max-image-preview":"max-image-preview:large","max-video-preview":"max-video-preview:-1"},"canonical":"https:\/\/www.pro-device.com\/fr\/demagnetiseur\/","og_locale":"fr_FR","og_type":"article","og_title":"D\u00e9magn\u00e9tiseur pour la suppression des donn\u00e9es | ProDevice","og_description":"Sont des dispositifs de haute qualit\u00e9 pour la suppression s\u00fbre et irr\u00e9versible des donn\u00e9es des supports magn\u00e9tiques fonctionnels ou endommag\u00e9s","og_url":"https:\/\/www.pro-device.com\/fr\/demagnetiseur\/","og_site_name":"ProDevice","article_modified_time":"2025-08-11T13:36:18+00:00","twitter_card":"summary_large_image","schema":{"@context":"https:\/\/schema.org","@graph":[{"@type":"WebPage","@id":"https:\/\/www.pro-device.com\/fr\/demagnetiseur\/","url":"https:\/\/www.pro-device.com\/fr\/demagnetiseur\/","name":"D\u00e9magn\u00e9tiseur pour la suppression des donn\u00e9es | ProDevice","isPartOf":{"@id":"https:\/\/www.pro-device.com\/pl\/#website"},"datePublished":"2021-06-05T12:38:06+00:00","dateModified":"2025-08-11T13:36:18+00:00","description":"Sont des dispositifs de haute qualit\u00e9 pour la suppression s\u00fbre et irr\u00e9versible des donn\u00e9es des supports magn\u00e9tiques fonctionnels ou endommag\u00e9s","breadcrumb":{"@id":"https:\/\/www.pro-device.com\/fr\/demagnetiseur\/#breadcrumb"},"inLanguage":"fr-FR","potentialAction":[{"@type":"ReadAction","target":["https:\/\/www.pro-device.com\/fr\/demagnetiseur\/"]}]},{"@type":"BreadcrumbList","@id":"https:\/\/www.pro-device.com\/fr\/demagnetiseur\/#breadcrumb","itemListElement":[{"@type":"ListItem","position":1,"name":"Home","item":"https:\/\/www.pro-device.com\/fr\/"},{"@type":"ListItem","position":2,"name":"D\u00e9magn\u00e9tiseur"}]},{"@type":"WebSite","@id":"https:\/\/www.pro-device.com\/pl\/#website","url":"https:\/\/www.pro-device.com\/pl\/","name":"ProDevice","description":"Kolejna witryna oparta na WordPressie","potentialAction":[{"@type":"SearchAction","target":{"@type":"EntryPoint","urlTemplate":"https:\/\/www.pro-device.com\/pl\/?s={search_term_string}"},"query-input":{"@type":"PropertyValueSpecification","valueRequired":true,"valueName":"search_term_string"}}],"inLanguage":"fr-FR"}]}},"_links":{"self":[{"href":"https:\/\/www.pro-device.com\/fr\/wp-json\/wp\/v2\/pages\/856","targetHints":{"allow":["GET"]}}],"collection":[{"href":"https:\/\/www.pro-device.com\/fr\/wp-json\/wp\/v2\/pages"}],"about":[{"href":"https:\/\/www.pro-device.com\/fr\/wp-json\/wp\/v2\/types\/page"}],"author":[{"embeddable":true,"href":"https:\/\/www.pro-device.com\/fr\/wp-json\/wp\/v2\/users\/1"}],"replies":[{"embeddable":true,"href":"https:\/\/www.pro-device.com\/fr\/wp-json\/wp\/v2\/comments?post=856"}],"version-history":[{"count":13,"href":"https:\/\/www.pro-device.com\/fr\/wp-json\/wp\/v2\/pages\/856\/revisions"}],"predecessor-version":[{"id":76102,"href":"https:\/\/www.pro-device.com\/fr\/wp-json\/wp\/v2\/pages\/856\/revisions\/76102"}],"wp:attachment":[{"href":"https:\/\/www.pro-device.com\/fr\/wp-json\/wp\/v2\/media?parent=856"}],"curies":[{"name":"wp","href":"https:\/\/api.w.org\/{rel}","templated":true}]}}