

{"id":4992,"date":"2021-05-27T13:29:01","date_gmt":"2021-05-27T11:29:01","guid":{"rendered":"http:\/\/prodevice.milleniumhost.pl\/polityka-prywatnosci-2\/"},"modified":"2021-07-15T10:04:11","modified_gmt":"2021-07-15T08:04:11","slug":"politique-de-confidentialite","status":"publish","type":"page","link":"https:\/\/www.pro-device.com\/fr\/politique-de-confidentialite\/","title":{"rendered":"Politique de confidentialit\u00e9"},"content":{"rendered":"\n<p>Vous trouverez ci-dessous les conditions d\u2019utilisation du site Web www.pro-device.com<br>Le site Web www.pro-device.com (le \u201csite Web\u201d) appartient \u00e0 DISKUS Polska Sp. z o.o.<\/p>\n\n\n\n<p><strong>Cette D\u00e9claration de Confidentialit\u00e9 prend effet en mai 2018.<\/strong><\/p>\n\n\n\n<p>Chez DISKUS Polska, nous reconnaissons l\u2019importance de prot\u00e9ger vos informations personnelles et nous nous engageons \u00e0 les traiter de mani\u00e8re responsable et en conformit\u00e9 avec les lois en vigueur pour la protection des donn\u00e9es dans tous les pays dans lesquels DISKUS Polska est pr\u00e9sente.<\/p>\n\n\n\n<p>Cette D\u00e9claration de Confidentialit\u00e9 d\u00e9crit les pratiques g\u00e9n\u00e9rales d\u2019 DISKUS Polska en mati\u00e8re de confidentialit\u00e9 qui s\u2019appliquent aux informations personnelles que nous recueillons, utilisons et partageons concernant les consommateurs et autres individus chez nos clients, partenaires commerciaux, fournisseurs et autres organisations avec lesquelles DISKUS Polska a \u00e9tabli ou envisage d\u2019\u00e9tablir des relations commerciales.<\/p>\n\n\n\n<p>Les donn\u00e9es des produits sur le site www.pro-device.com sont \u00e0 titre informatif uniquement et ne constituent pas une offre.<\/p>\n\n\n\n<p><strong>Pourquoi et comment nous recueillons et utilisons vos informations personnelles<\/strong><\/p>\n\n\n\n<p>Nous pouvons recueillir vos informations personnelles en tant qu\u2019individu \u00e0 des fins diverses, par exemple :<\/p>\n\n\n\n<p><strong>Acc\u00e9der aux sites Web ou autres services en ligne et les utiliser<\/strong><br>En entrant sur un de nos sites Web ou en utilisant un service en ligne, nous enregistrons les informations n\u00e9cessaires pour vous donner acc\u00e8s pour l\u2019utilisation du site Web et pour que nous nous conformions aux obligations l\u00e9gales et de s\u00e9curit\u00e9 relatives \u00e0 l\u2019utilisation de notre site, par exemple les mots de passe, adresses IP et param\u00e8tres de navigateur. Nous recueillons \u00e9galement des informations sur vos activit\u00e9s pendant votre visite, afin de personnaliser votre navigation sur le site Web, par exemple l\u2019enregistrement de vos pr\u00e9f\u00e9rences et param\u00e8tres, et de collecter des statistiques nous aidant \u00e0 am\u00e9liorer et d\u00e9velopper davantage nos sites Web, produits et services.<\/p>\n\n\n\n<p>R<strong>\u00e9pondre \u00e0 votre demande d\u2019informations, de commande ou de support<\/strong><br>Lorsque vous nous contactez (en ligne ou hors ligne) pour demander des renseignements, commander un produit ou service, demander une assistance ou participer \u00e0 un forum ou autre outil d\u2019informatique sociale, nous recueillons les informations n\u00e9cessaires pour satisfaire votre demande, vous donner acc\u00e8s au produit ou service, vous fournir une assistance et pouvoir vous contacter. Par exemple, nous recueillons votre nom et vos coordonn\u00e9es, les d\u00e9tails de votre demande et du contrat que vous avez conclu avec nous, ainsi que le traitement, la livraison et la facturation de votre commande. Nous pouvons \u00e9galement y inclure des informations sur les enqu\u00eates de satisfaction client. Nous conservons ces informations \u00e0 des fins d\u2019administration, pour d\u00e9fendre nos droits et en rapport avec notre relation avec vous.<\/p>\n\n\n\n<p><strong>Contacter les employ\u00e9s de nos clients, prospects, partenaires et fournisseurs<\/strong><br>Dans le cadre de notre relation avec les clients ou prospects, les partenaires et les fournisseurs, ceux-ci nous fournissent \u00e9galement des coordonn\u00e9es professionnelles (par exemple, le nom, les coordonn\u00e9es professionnelles, la fonction ou le titre de leurs employ\u00e9s, sous-traitants, conseillers et utilisateurs autoris\u00e9s) \u00e0 des fins telles que la gestion de contrat, le traitement, la livraison des produits et services, la fourniture de support, la facturation et la gestion des services ou des relations.<\/p>\n\n\n\n<p><strong>Informations sur les visiteurs<\/strong><br>Nous enregistrons les individus qui visitent nos sites et implantations (nom, identification et coordonn\u00e9es professionnelles) et nous utilisons la vid\u00e9osurveillance pour des raisons de s\u00e9curit\u00e9 des personnes et effets personnels, ainsi qu\u2019\u00e0 des fins r\u00e9glementaires.<\/p>\n\n\n\n<p>DISKUS Polska ne d\u00e9signe pas l\u2019inspecteur de la protection des donn\u00e9es. Pour tout ce qui concerne le traitement des donn\u00e9es, vous pouvez contacter l\u2019Administrateur \u00e0 l\u2019adresse \u00e9lectronique suivante: abi@diskus.pl<\/p>\n","protected":false},"excerpt":{"rendered":"<p>Vous trouverez ci-dessous les conditions d\u2019utilisation du site Web www.pro-device.comLe site Web www.pro-device.com (le \u201csite Web\u201d) appartient \u00e0 DISKUS Polska Sp. z o.o. Cette D\u00e9claration de Confidentialit\u00e9 prend effet en mai 2018. Chez DISKUS Polska, nous reconnaissons l\u2019importance de prot\u00e9ger vos informations personnelles et nous nous engageons \u00e0 les traiter de mani\u00e8re responsable et en [&hellip;]<\/p>\n","protected":false},"author":1,"featured_media":0,"parent":0,"menu_order":0,"comment_status":"closed","ping_status":"closed","template":"","meta":{"_acf_changed":false,"footnotes":""},"class_list":["post-4992","page","type-page","status-publish","hentry"],"acf":[],"yoast_head":"<!-- This site is optimized with the Yoast SEO plugin v27.5 - https:\/\/yoast.com\/product\/yoast-seo-wordpress\/ -->\n<title>Politique de confidentialit\u00e9 - ProDevice<\/title>\n<meta name=\"robots\" content=\"index, follow, max-snippet:-1, max-image-preview:large, max-video-preview:-1\" \/>\n<link rel=\"canonical\" href=\"https:\/\/www.pro-device.com\/fr\/politique-de-confidentialite\/\" \/>\n<meta property=\"og:locale\" content=\"fr_FR\" \/>\n<meta property=\"og:type\" content=\"article\" \/>\n<meta property=\"og:title\" content=\"Politique de confidentialit\u00e9 - ProDevice\" \/>\n<meta property=\"og:description\" content=\"Vous trouverez ci-dessous les conditions d\u2019utilisation du site Web www.pro-device.comLe site Web www.pro-device.com (le \u201csite Web\u201d) appartient \u00e0 DISKUS Polska Sp. z o.o. Cette D\u00e9claration de Confidentialit\u00e9 prend effet en mai 2018. Chez DISKUS Polska, nous reconnaissons l\u2019importance de prot\u00e9ger vos informations personnelles et nous nous engageons \u00e0 les traiter de mani\u00e8re responsable et en [&hellip;]\" \/>\n<meta property=\"og:url\" content=\"https:\/\/www.pro-device.com\/fr\/politique-de-confidentialite\/\" \/>\n<meta property=\"og:site_name\" content=\"ProDevice\" \/>\n<meta property=\"article:modified_time\" content=\"2021-07-15T08:04:11+00:00\" \/>\n<meta name=\"twitter:card\" content=\"summary_large_image\" \/>\n<meta name=\"twitter:label1\" content=\"Dur\u00e9e de lecture estim\u00e9e\" \/>\n\t<meta name=\"twitter:data1\" content=\"3 minutes\" \/>\n<script type=\"application\/ld+json\" class=\"yoast-schema-graph\">{\"@context\":\"https:\\\/\\\/schema.org\",\"@graph\":[{\"@type\":\"WebPage\",\"@id\":\"https:\\\/\\\/www.pro-device.com\\\/fr\\\/politique-de-confidentialite\\\/\",\"url\":\"https:\\\/\\\/www.pro-device.com\\\/fr\\\/politique-de-confidentialite\\\/\",\"name\":\"Politique de confidentialit\u00e9 - ProDevice\",\"isPartOf\":{\"@id\":\"https:\\\/\\\/www.pro-device.com\\\/pl\\\/#website\"},\"datePublished\":\"2021-05-27T11:29:01+00:00\",\"dateModified\":\"2021-07-15T08:04:11+00:00\",\"breadcrumb\":{\"@id\":\"https:\\\/\\\/www.pro-device.com\\\/fr\\\/politique-de-confidentialite\\\/#breadcrumb\"},\"inLanguage\":\"fr-FR\",\"potentialAction\":[{\"@type\":\"ReadAction\",\"target\":[\"https:\\\/\\\/www.pro-device.com\\\/fr\\\/politique-de-confidentialite\\\/\"]}]},{\"@type\":\"BreadcrumbList\",\"@id\":\"https:\\\/\\\/www.pro-device.com\\\/fr\\\/politique-de-confidentialite\\\/#breadcrumb\",\"itemListElement\":[{\"@type\":\"ListItem\",\"position\":1,\"name\":\"Home\",\"item\":\"https:\\\/\\\/www.pro-device.com\\\/fr\\\/\"},{\"@type\":\"ListItem\",\"position\":2,\"name\":\"Politique de confidentialit\u00e9\"}]},{\"@type\":\"WebSite\",\"@id\":\"https:\\\/\\\/www.pro-device.com\\\/pl\\\/#website\",\"url\":\"https:\\\/\\\/www.pro-device.com\\\/pl\\\/\",\"name\":\"ProDevice\",\"description\":\"Kolejna witryna oparta na WordPressie\",\"potentialAction\":[{\"@type\":\"SearchAction\",\"target\":{\"@type\":\"EntryPoint\",\"urlTemplate\":\"https:\\\/\\\/www.pro-device.com\\\/pl\\\/?s={search_term_string}\"},\"query-input\":{\"@type\":\"PropertyValueSpecification\",\"valueRequired\":true,\"valueName\":\"search_term_string\"}}],\"inLanguage\":\"fr-FR\"}]}<\/script>\n<!-- \/ Yoast SEO plugin. -->","yoast_head_json":{"title":"Politique de confidentialit\u00e9 - ProDevice","robots":{"index":"index","follow":"follow","max-snippet":"max-snippet:-1","max-image-preview":"max-image-preview:large","max-video-preview":"max-video-preview:-1"},"canonical":"https:\/\/www.pro-device.com\/fr\/politique-de-confidentialite\/","og_locale":"fr_FR","og_type":"article","og_title":"Politique de confidentialit\u00e9 - ProDevice","og_description":"Vous trouverez ci-dessous les conditions d\u2019utilisation du site Web www.pro-device.comLe site Web www.pro-device.com (le \u201csite Web\u201d) appartient \u00e0 DISKUS Polska Sp. z o.o. Cette D\u00e9claration de Confidentialit\u00e9 prend effet en mai 2018. Chez DISKUS Polska, nous reconnaissons l\u2019importance de prot\u00e9ger vos informations personnelles et nous nous engageons \u00e0 les traiter de mani\u00e8re responsable et en [&hellip;]","og_url":"https:\/\/www.pro-device.com\/fr\/politique-de-confidentialite\/","og_site_name":"ProDevice","article_modified_time":"2021-07-15T08:04:11+00:00","twitter_card":"summary_large_image","twitter_misc":{"Dur\u00e9e de lecture estim\u00e9e":"3 minutes"},"schema":{"@context":"https:\/\/schema.org","@graph":[{"@type":"WebPage","@id":"https:\/\/www.pro-device.com\/fr\/politique-de-confidentialite\/","url":"https:\/\/www.pro-device.com\/fr\/politique-de-confidentialite\/","name":"Politique de confidentialit\u00e9 - ProDevice","isPartOf":{"@id":"https:\/\/www.pro-device.com\/pl\/#website"},"datePublished":"2021-05-27T11:29:01+00:00","dateModified":"2021-07-15T08:04:11+00:00","breadcrumb":{"@id":"https:\/\/www.pro-device.com\/fr\/politique-de-confidentialite\/#breadcrumb"},"inLanguage":"fr-FR","potentialAction":[{"@type":"ReadAction","target":["https:\/\/www.pro-device.com\/fr\/politique-de-confidentialite\/"]}]},{"@type":"BreadcrumbList","@id":"https:\/\/www.pro-device.com\/fr\/politique-de-confidentialite\/#breadcrumb","itemListElement":[{"@type":"ListItem","position":1,"name":"Home","item":"https:\/\/www.pro-device.com\/fr\/"},{"@type":"ListItem","position":2,"name":"Politique de confidentialit\u00e9"}]},{"@type":"WebSite","@id":"https:\/\/www.pro-device.com\/pl\/#website","url":"https:\/\/www.pro-device.com\/pl\/","name":"ProDevice","description":"Kolejna witryna oparta na WordPressie","potentialAction":[{"@type":"SearchAction","target":{"@type":"EntryPoint","urlTemplate":"https:\/\/www.pro-device.com\/pl\/?s={search_term_string}"},"query-input":{"@type":"PropertyValueSpecification","valueRequired":true,"valueName":"search_term_string"}}],"inLanguage":"fr-FR"}]}},"_links":{"self":[{"href":"https:\/\/www.pro-device.com\/fr\/wp-json\/wp\/v2\/pages\/4992","targetHints":{"allow":["GET"]}}],"collection":[{"href":"https:\/\/www.pro-device.com\/fr\/wp-json\/wp\/v2\/pages"}],"about":[{"href":"https:\/\/www.pro-device.com\/fr\/wp-json\/wp\/v2\/types\/page"}],"author":[{"embeddable":true,"href":"https:\/\/www.pro-device.com\/fr\/wp-json\/wp\/v2\/users\/1"}],"replies":[{"embeddable":true,"href":"https:\/\/www.pro-device.com\/fr\/wp-json\/wp\/v2\/comments?post=4992"}],"version-history":[{"count":2,"href":"https:\/\/www.pro-device.com\/fr\/wp-json\/wp\/v2\/pages\/4992\/revisions"}],"predecessor-version":[{"id":7198,"href":"https:\/\/www.pro-device.com\/fr\/wp-json\/wp\/v2\/pages\/4992\/revisions\/7198"}],"wp:attachment":[{"href":"https:\/\/www.pro-device.com\/fr\/wp-json\/wp\/v2\/media?parent=4992"}],"curies":[{"name":"wp","href":"https:\/\/api.w.org\/{rel}","templated":true}]}}