

{"id":1387,"date":"2021-05-23T14:51:35","date_gmt":"2021-05-23T12:51:35","guid":{"rendered":"http:\/\/prodevice.milleniumhost.pl\/o-nas\/"},"modified":"2026-04-10T10:17:37","modified_gmt":"2026-04-10T08:17:37","slug":"a-propos-de-nous","status":"publish","type":"page","link":"https:\/\/www.pro-device.com\/fr\/a-propos-de-nous\/","title":{"rendered":"\u00c0 propos de nous"},"content":{"rendered":"","protected":false},"excerpt":{"rendered":"","protected":false},"author":1,"featured_media":0,"parent":0,"menu_order":0,"comment_status":"closed","ping_status":"closed","template":"page-about.php","meta":{"_acf_changed":false,"footnotes":""},"class_list":["post-1387","page","type-page","status-publish","hentry"],"acf":[],"yoast_head":"<!-- This site is optimized with the Yoast SEO plugin v27.5 - https:\/\/yoast.com\/product\/yoast-seo-wordpress\/ -->\n<title>Solutions innovantes destruction de donn\u00e9es | ProDevice<\/title>\n<meta name=\"description\" content=\"ProDevice est un leader des technologies modernes de destruction de donn\u00e9es \u00e0 partir de diff\u00e9rents types de supports de stockage.\" \/>\n<meta name=\"robots\" content=\"index, follow, max-snippet:-1, max-image-preview:large, max-video-preview:-1\" \/>\n<link rel=\"canonical\" href=\"https:\/\/www.pro-device.com\/fr\/a-propos-de-nous\/\" \/>\n<meta property=\"og:locale\" content=\"fr_FR\" \/>\n<meta property=\"og:type\" content=\"article\" \/>\n<meta property=\"og:title\" content=\"Solutions innovantes destruction de donn\u00e9es | ProDevice\" \/>\n<meta property=\"og:description\" content=\"ProDevice est un leader des technologies modernes de destruction de donn\u00e9es \u00e0 partir de diff\u00e9rents types de supports de stockage.\" \/>\n<meta property=\"og:url\" content=\"https:\/\/www.pro-device.com\/fr\/a-propos-de-nous\/\" \/>\n<meta property=\"og:site_name\" content=\"ProDevice\" \/>\n<meta property=\"article:modified_time\" content=\"2026-04-10T08:17:37+00:00\" \/>\n<meta name=\"twitter:card\" content=\"summary_large_image\" \/>\n<script type=\"application\/ld+json\" class=\"yoast-schema-graph\">{\"@context\":\"https:\\\/\\\/schema.org\",\"@graph\":[{\"@type\":\"WebPage\",\"@id\":\"https:\\\/\\\/www.pro-device.com\\\/fr\\\/a-propos-de-nous\\\/\",\"url\":\"https:\\\/\\\/www.pro-device.com\\\/fr\\\/a-propos-de-nous\\\/\",\"name\":\"Solutions innovantes destruction de donn\u00e9es | ProDevice\",\"isPartOf\":{\"@id\":\"https:\\\/\\\/www.pro-device.com\\\/pl\\\/#website\"},\"datePublished\":\"2021-05-23T12:51:35+00:00\",\"dateModified\":\"2026-04-10T08:17:37+00:00\",\"description\":\"ProDevice est un leader des technologies modernes de destruction de donn\u00e9es \u00e0 partir de diff\u00e9rents types de supports de stockage.\",\"breadcrumb\":{\"@id\":\"https:\\\/\\\/www.pro-device.com\\\/fr\\\/a-propos-de-nous\\\/#breadcrumb\"},\"inLanguage\":\"fr-FR\",\"potentialAction\":[{\"@type\":\"ReadAction\",\"target\":[\"https:\\\/\\\/www.pro-device.com\\\/fr\\\/a-propos-de-nous\\\/\"]}]},{\"@type\":\"BreadcrumbList\",\"@id\":\"https:\\\/\\\/www.pro-device.com\\\/fr\\\/a-propos-de-nous\\\/#breadcrumb\",\"itemListElement\":[{\"@type\":\"ListItem\",\"position\":1,\"name\":\"Home\",\"item\":\"https:\\\/\\\/www.pro-device.com\\\/fr\\\/\"},{\"@type\":\"ListItem\",\"position\":2,\"name\":\"\u00c0 propos de nous\"}]},{\"@type\":\"WebSite\",\"@id\":\"https:\\\/\\\/www.pro-device.com\\\/pl\\\/#website\",\"url\":\"https:\\\/\\\/www.pro-device.com\\\/pl\\\/\",\"name\":\"ProDevice\",\"description\":\"Kolejna witryna oparta na WordPressie\",\"potentialAction\":[{\"@type\":\"SearchAction\",\"target\":{\"@type\":\"EntryPoint\",\"urlTemplate\":\"https:\\\/\\\/www.pro-device.com\\\/pl\\\/?s={search_term_string}\"},\"query-input\":{\"@type\":\"PropertyValueSpecification\",\"valueRequired\":true,\"valueName\":\"search_term_string\"}}],\"inLanguage\":\"fr-FR\"}]}<\/script>\n<!-- \/ Yoast SEO plugin. -->","yoast_head_json":{"title":"Solutions innovantes destruction de donn\u00e9es | ProDevice","description":"ProDevice est un leader des technologies modernes de destruction de donn\u00e9es \u00e0 partir de diff\u00e9rents types de supports de stockage.","robots":{"index":"index","follow":"follow","max-snippet":"max-snippet:-1","max-image-preview":"max-image-preview:large","max-video-preview":"max-video-preview:-1"},"canonical":"https:\/\/www.pro-device.com\/fr\/a-propos-de-nous\/","og_locale":"fr_FR","og_type":"article","og_title":"Solutions innovantes destruction de donn\u00e9es | ProDevice","og_description":"ProDevice est un leader des technologies modernes de destruction de donn\u00e9es \u00e0 partir de diff\u00e9rents types de supports de stockage.","og_url":"https:\/\/www.pro-device.com\/fr\/a-propos-de-nous\/","og_site_name":"ProDevice","article_modified_time":"2026-04-10T08:17:37+00:00","twitter_card":"summary_large_image","schema":{"@context":"https:\/\/schema.org","@graph":[{"@type":"WebPage","@id":"https:\/\/www.pro-device.com\/fr\/a-propos-de-nous\/","url":"https:\/\/www.pro-device.com\/fr\/a-propos-de-nous\/","name":"Solutions innovantes destruction de donn\u00e9es | ProDevice","isPartOf":{"@id":"https:\/\/www.pro-device.com\/pl\/#website"},"datePublished":"2021-05-23T12:51:35+00:00","dateModified":"2026-04-10T08:17:37+00:00","description":"ProDevice est un leader des technologies modernes de destruction de donn\u00e9es \u00e0 partir de diff\u00e9rents types de supports de stockage.","breadcrumb":{"@id":"https:\/\/www.pro-device.com\/fr\/a-propos-de-nous\/#breadcrumb"},"inLanguage":"fr-FR","potentialAction":[{"@type":"ReadAction","target":["https:\/\/www.pro-device.com\/fr\/a-propos-de-nous\/"]}]},{"@type":"BreadcrumbList","@id":"https:\/\/www.pro-device.com\/fr\/a-propos-de-nous\/#breadcrumb","itemListElement":[{"@type":"ListItem","position":1,"name":"Home","item":"https:\/\/www.pro-device.com\/fr\/"},{"@type":"ListItem","position":2,"name":"\u00c0 propos de nous"}]},{"@type":"WebSite","@id":"https:\/\/www.pro-device.com\/pl\/#website","url":"https:\/\/www.pro-device.com\/pl\/","name":"ProDevice","description":"Kolejna witryna oparta na WordPressie","potentialAction":[{"@type":"SearchAction","target":{"@type":"EntryPoint","urlTemplate":"https:\/\/www.pro-device.com\/pl\/?s={search_term_string}"},"query-input":{"@type":"PropertyValueSpecification","valueRequired":true,"valueName":"search_term_string"}}],"inLanguage":"fr-FR"}]}},"_links":{"self":[{"href":"https:\/\/www.pro-device.com\/fr\/wp-json\/wp\/v2\/pages\/1387","targetHints":{"allow":["GET"]}}],"collection":[{"href":"https:\/\/www.pro-device.com\/fr\/wp-json\/wp\/v2\/pages"}],"about":[{"href":"https:\/\/www.pro-device.com\/fr\/wp-json\/wp\/v2\/types\/page"}],"author":[{"embeddable":true,"href":"https:\/\/www.pro-device.com\/fr\/wp-json\/wp\/v2\/users\/1"}],"replies":[{"embeddable":true,"href":"https:\/\/www.pro-device.com\/fr\/wp-json\/wp\/v2\/comments?post=1387"}],"version-history":[{"count":21,"href":"https:\/\/www.pro-device.com\/fr\/wp-json\/wp\/v2\/pages\/1387\/revisions"}],"predecessor-version":[{"id":87413,"href":"https:\/\/www.pro-device.com\/fr\/wp-json\/wp\/v2\/pages\/1387\/revisions\/87413"}],"wp:attachment":[{"href":"https:\/\/www.pro-device.com\/fr\/wp-json\/wp\/v2\/media?parent=1387"}],"curies":[{"name":"wp","href":"https:\/\/api.w.org\/{rel}","templated":true}]}}