

{"id":5004,"date":"2021-05-27T13:29:01","date_gmt":"2021-05-27T11:29:01","guid":{"rendered":"http:\/\/prodevice.milleniumhost.pl\/polityka-prywatnosci-2\/"},"modified":"2021-07-15T10:34:40","modified_gmt":"2021-07-15T08:34:40","slug":"privacidad","status":"publish","type":"page","link":"https:\/\/www.pro-device.com\/es\/privacidad\/","title":{"rendered":"Privacidad"},"content":{"rendered":"\n<p>A continuaci\u00f3n puede encontrar los t\u00e9rminos de uso del sitio web www.pro-device.com<br>Este sitio web www.pro-device.com (\u201cSitio web\u201d) es propiedad y est\u00e1 mantenido por DISKUS Polska Sp. z o.o.<\/p>\n\n\n\n<p><strong>Esta Declaraci\u00f3n de Privacidad es efectiva a partir de mayo de 2018.<\/strong><\/p>\n\n\n\n<p>En DISKUS Polska , reconocemos la importancia de proteger su informaci\u00f3n personal y estamos comprometidos a tratarla con responsabilidad y de conformidad con las leyes de protecci\u00f3n de datos aplicables en todos los pa\u00edses en los que opera DISKUS Polska .<\/p>\n\n\n\n<p>En la presente Declaraci\u00f3n de Privacidad se describen las pr\u00e1cticas de privacidad generales de DISKUS Polska que se aplican a la informaci\u00f3n personal que recopilamos, utilizamos y compartimos acerca de los consumidores y otros interesados entre nuestros clientes, business partners, proveedores y otras organizaciones con las cuales DISKUS Polska tiene o contempla una relaci\u00f3n de negocio.<\/p>\n\n\n\n<p>Los datos sobre los productos en el sitio web www.pro-device.com son solo para fines informativos y no constituyen una oferta en el sentido del C\u00f3digo Civil.<\/p>\n\n\n\n<p><strong>Por qu\u00e9 y c\u00f3mo recopilamos y utilizamos su informaci\u00f3n personal<\/strong><\/p>\n\n\n\n<p>Podemos recopilar su informaci\u00f3n personal como interesado con distintas finalidades, tales como las siguientes:<\/p>\n\n\n\n<p><strong>Acceso y uso de sitios web u otros servicios online<\/strong><br>Al entrar en uno de nuestros sitios web, o utilizar uno de nuestros servicios online, registraremos la informaci\u00f3n necesaria para proporcionarle acceso, para el funcionamiento del sitio web o para nuestro cumplimiento con los requisitos legales y de seguridad en relaci\u00f3n con el funcionamiento de nuestro sitio web, tales como contrase\u00f1as, direcciones IP y configuraci\u00f3n del navegador. Tambi\u00e9n recopilamos informaci\u00f3n sobre sus actividades durante su visita a fin de personalizar su experiencia en el sitio web, como el registro de sus preferencias y par\u00e1metros, y a fin de recopilar estad\u00edsticas que nos ayuden a mejorar y seguir desarrollando nuestros sitios web, productos y servicios.<\/p>\n\n\n\n<p><strong>Responder a su solicitud de informaci\u00f3n, pedido o soporte<\/strong><br>Cuando contacte con nosotros (en l\u00ednea o fuera de l\u00ednea) en relaci\u00f3n con una solicitud de informaci\u00f3n, para realizar el pedido de un producto o servicio, para proporcionarle soporte o bien para participar en un foro u otra herramienta de inform\u00e1tica social, recopilaremos la informaci\u00f3n necesaria para atender su solicitud, otorgarle acceso al producto o servicio, proporcionarle soporte y poder contactar con usted. Por ejemplo, recopilamos su nombre e informaci\u00f3n de contacto, detalles sobre su solicitud y su acuerdo con nosotros, as\u00ed como la tramitaci\u00f3n, la entrega y la facturaci\u00f3n de su pedido, pudiendo incluir informaci\u00f3n de encuestas sobre satisfacci\u00f3n del cliente. Conservamos dicha informaci\u00f3n con fines administrativos, para defender nuestros derechos y en conexi\u00f3n con nuestra relaci\u00f3n con usted.<\/p>\n\n\n\n<p><strong>Contactar con empleados de nuestros clientes, posibles clientes, socios y proveedores<\/strong><br>En nuestra relaci\u00f3n con clientes o posibles clientes, socios y proveedores, tambi\u00e9n nos proporcionan informaci\u00f3n de contacto profesional (como el nombre, detalles de contacto profesional, cargo o t\u00edtulo de sus empleados, contratistas, asesores y usuarios autorizados) para fines tales como la gesti\u00f3n de contratos, la tramitaci\u00f3n, la entrega de productos y servicios, el suministro de soporte, la facturaci\u00f3n y la gesti\u00f3n de los servicios o la relaci\u00f3n.<\/p>\n\n\n\n<p><strong>Informaci\u00f3n del visitante<\/strong><br>Registramos a los interesados que visitan nuestros sitios y ubicaciones (nombre, identificaci\u00f3n e informaci\u00f3n de contacto profesional) y utilizamos la supervisi\u00f3n de c\u00e1mara por motivos de seguridad de personas y pertenencias, as\u00ed como por fines normativos.<\/p>\n\n\n\n<p>DISKUS Polska no designa al inspector de protecci\u00f3n de datos. En todos los asuntos relacionados con el procesamiento de datos, puede comunicarse con el Administrador en la siguiente direcci\u00f3n de correo electr\u00f3nico: abi@diskus.pl<\/p>\n\n\n\n<p><\/p>\n","protected":false},"excerpt":{"rendered":"<p>A continuaci\u00f3n puede encontrar los t\u00e9rminos de uso del sitio web www.pro-device.comEste sitio web www.pro-device.com (\u201cSitio web\u201d) es propiedad y est\u00e1 mantenido por DISKUS Polska Sp. z o.o. Esta Declaraci\u00f3n de Privacidad es efectiva a partir de mayo de 2018. En DISKUS Polska , reconocemos la importancia de proteger su informaci\u00f3n personal y estamos comprometidos [&hellip;]<\/p>\n","protected":false},"author":1,"featured_media":0,"parent":0,"menu_order":0,"comment_status":"closed","ping_status":"closed","template":"","meta":{"_acf_changed":false,"footnotes":""},"class_list":["post-5004","page","type-page","status-publish","hentry"],"acf":[],"yoast_head":"<!-- This site is optimized with the Yoast SEO plugin v27.5 - https:\/\/yoast.com\/product\/yoast-seo-wordpress\/ -->\n<title>Privacidad - ProDevice<\/title>\n<meta name=\"robots\" content=\"index, follow, max-snippet:-1, max-image-preview:large, max-video-preview:-1\" \/>\n<link rel=\"canonical\" href=\"https:\/\/www.pro-device.com\/es\/privacidad\/\" \/>\n<meta property=\"og:locale\" content=\"es_ES\" \/>\n<meta property=\"og:type\" content=\"article\" \/>\n<meta property=\"og:title\" content=\"Privacidad - ProDevice\" \/>\n<meta property=\"og:description\" content=\"A continuaci\u00f3n puede encontrar los t\u00e9rminos de uso del sitio web www.pro-device.comEste sitio web www.pro-device.com (\u201cSitio web\u201d) es propiedad y est\u00e1 mantenido por DISKUS Polska Sp. z o.o. Esta Declaraci\u00f3n de Privacidad es efectiva a partir de mayo de 2018. En DISKUS Polska , reconocemos la importancia de proteger su informaci\u00f3n personal y estamos comprometidos [&hellip;]\" \/>\n<meta property=\"og:url\" content=\"https:\/\/www.pro-device.com\/es\/privacidad\/\" \/>\n<meta property=\"og:site_name\" content=\"ProDevice\" \/>\n<meta property=\"article:modified_time\" content=\"2021-07-15T08:34:40+00:00\" \/>\n<meta name=\"twitter:card\" content=\"summary_large_image\" \/>\n<meta name=\"twitter:label1\" content=\"Tiempo de lectura\" \/>\n\t<meta name=\"twitter:data1\" content=\"3 minutos\" \/>\n<script type=\"application\/ld+json\" class=\"yoast-schema-graph\">{\"@context\":\"https:\\\/\\\/schema.org\",\"@graph\":[{\"@type\":\"WebPage\",\"@id\":\"https:\\\/\\\/www.pro-device.com\\\/es\\\/privacidad\\\/\",\"url\":\"https:\\\/\\\/www.pro-device.com\\\/es\\\/privacidad\\\/\",\"name\":\"Privacidad - ProDevice\",\"isPartOf\":{\"@id\":\"https:\\\/\\\/www.pro-device.com\\\/pl\\\/#website\"},\"datePublished\":\"2021-05-27T11:29:01+00:00\",\"dateModified\":\"2021-07-15T08:34:40+00:00\",\"breadcrumb\":{\"@id\":\"https:\\\/\\\/www.pro-device.com\\\/es\\\/privacidad\\\/#breadcrumb\"},\"inLanguage\":\"es\",\"potentialAction\":[{\"@type\":\"ReadAction\",\"target\":[\"https:\\\/\\\/www.pro-device.com\\\/es\\\/privacidad\\\/\"]}]},{\"@type\":\"BreadcrumbList\",\"@id\":\"https:\\\/\\\/www.pro-device.com\\\/es\\\/privacidad\\\/#breadcrumb\",\"itemListElement\":[{\"@type\":\"ListItem\",\"position\":1,\"name\":\"Home\",\"item\":\"https:\\\/\\\/www.pro-device.com\\\/es\\\/\"},{\"@type\":\"ListItem\",\"position\":2,\"name\":\"Privacidad\"}]},{\"@type\":\"WebSite\",\"@id\":\"https:\\\/\\\/www.pro-device.com\\\/pl\\\/#website\",\"url\":\"https:\\\/\\\/www.pro-device.com\\\/pl\\\/\",\"name\":\"ProDevice\",\"description\":\"Kolejna witryna oparta na WordPressie\",\"potentialAction\":[{\"@type\":\"SearchAction\",\"target\":{\"@type\":\"EntryPoint\",\"urlTemplate\":\"https:\\\/\\\/www.pro-device.com\\\/pl\\\/?s={search_term_string}\"},\"query-input\":{\"@type\":\"PropertyValueSpecification\",\"valueRequired\":true,\"valueName\":\"search_term_string\"}}],\"inLanguage\":\"es\"}]}<\/script>\n<!-- \/ Yoast SEO plugin. -->","yoast_head_json":{"title":"Privacidad - ProDevice","robots":{"index":"index","follow":"follow","max-snippet":"max-snippet:-1","max-image-preview":"max-image-preview:large","max-video-preview":"max-video-preview:-1"},"canonical":"https:\/\/www.pro-device.com\/es\/privacidad\/","og_locale":"es_ES","og_type":"article","og_title":"Privacidad - ProDevice","og_description":"A continuaci\u00f3n puede encontrar los t\u00e9rminos de uso del sitio web www.pro-device.comEste sitio web www.pro-device.com (\u201cSitio web\u201d) es propiedad y est\u00e1 mantenido por DISKUS Polska Sp. z o.o. Esta Declaraci\u00f3n de Privacidad es efectiva a partir de mayo de 2018. En DISKUS Polska , reconocemos la importancia de proteger su informaci\u00f3n personal y estamos comprometidos [&hellip;]","og_url":"https:\/\/www.pro-device.com\/es\/privacidad\/","og_site_name":"ProDevice","article_modified_time":"2021-07-15T08:34:40+00:00","twitter_card":"summary_large_image","twitter_misc":{"Tiempo de lectura":"3 minutos"},"schema":{"@context":"https:\/\/schema.org","@graph":[{"@type":"WebPage","@id":"https:\/\/www.pro-device.com\/es\/privacidad\/","url":"https:\/\/www.pro-device.com\/es\/privacidad\/","name":"Privacidad - ProDevice","isPartOf":{"@id":"https:\/\/www.pro-device.com\/pl\/#website"},"datePublished":"2021-05-27T11:29:01+00:00","dateModified":"2021-07-15T08:34:40+00:00","breadcrumb":{"@id":"https:\/\/www.pro-device.com\/es\/privacidad\/#breadcrumb"},"inLanguage":"es","potentialAction":[{"@type":"ReadAction","target":["https:\/\/www.pro-device.com\/es\/privacidad\/"]}]},{"@type":"BreadcrumbList","@id":"https:\/\/www.pro-device.com\/es\/privacidad\/#breadcrumb","itemListElement":[{"@type":"ListItem","position":1,"name":"Home","item":"https:\/\/www.pro-device.com\/es\/"},{"@type":"ListItem","position":2,"name":"Privacidad"}]},{"@type":"WebSite","@id":"https:\/\/www.pro-device.com\/pl\/#website","url":"https:\/\/www.pro-device.com\/pl\/","name":"ProDevice","description":"Kolejna witryna oparta na WordPressie","potentialAction":[{"@type":"SearchAction","target":{"@type":"EntryPoint","urlTemplate":"https:\/\/www.pro-device.com\/pl\/?s={search_term_string}"},"query-input":{"@type":"PropertyValueSpecification","valueRequired":true,"valueName":"search_term_string"}}],"inLanguage":"es"}]}},"_links":{"self":[{"href":"https:\/\/www.pro-device.com\/es\/wp-json\/wp\/v2\/pages\/5004","targetHints":{"allow":["GET"]}}],"collection":[{"href":"https:\/\/www.pro-device.com\/es\/wp-json\/wp\/v2\/pages"}],"about":[{"href":"https:\/\/www.pro-device.com\/es\/wp-json\/wp\/v2\/types\/page"}],"author":[{"embeddable":true,"href":"https:\/\/www.pro-device.com\/es\/wp-json\/wp\/v2\/users\/1"}],"replies":[{"embeddable":true,"href":"https:\/\/www.pro-device.com\/es\/wp-json\/wp\/v2\/comments?post=5004"}],"version-history":[{"count":3,"href":"https:\/\/www.pro-device.com\/es\/wp-json\/wp\/v2\/pages\/5004\/revisions"}],"predecessor-version":[{"id":7199,"href":"https:\/\/www.pro-device.com\/es\/wp-json\/wp\/v2\/pages\/5004\/revisions\/7199"}],"wp:attachment":[{"href":"https:\/\/www.pro-device.com\/es\/wp-json\/wp\/v2\/media?parent=5004"}],"curies":[{"name":"wp","href":"https:\/\/api.w.org\/{rel}","templated":true}]}}