

{"id":1383,"date":"2021-06-08T18:30:22","date_gmt":"2021-06-08T16:30:22","guid":{"rendered":"http:\/\/prodevice.milleniumhost.pl\/niszczarki-nosnikow\/"},"modified":"2026-01-14T10:28:59","modified_gmt":"2026-01-14T09:28:59","slug":"destructoras","status":"publish","type":"page","link":"https:\/\/www.pro-device.com\/es\/destructoras\/","title":{"rendered":"Destructoras"},"content":{"rendered":"","protected":false},"excerpt":{"rendered":"","protected":false},"author":1,"featured_media":0,"parent":0,"menu_order":0,"comment_status":"closed","ping_status":"closed","template":"category.php","meta":{"_acf_changed":false,"footnotes":""},"class_list":["post-1383","page","type-page","status-publish","hentry"],"acf":[],"yoast_head":"<!-- This site is optimized with the Yoast SEO plugin v27.5 - https:\/\/yoast.com\/product\/yoast-seo-wordpress\/ -->\n<title>Destructoras - trituradoras de soportes de datos | ProDevice<\/title>\n<meta name=\"description\" content=\"Son dispositivos de \u00faltima generaci\u00f3n para la destrucci\u00f3n f\u00edsica de varios tipos de soportes de datos electr\u00f3nicos.\" \/>\n<meta name=\"robots\" content=\"index, follow, max-snippet:-1, max-image-preview:large, max-video-preview:-1\" \/>\n<link rel=\"canonical\" href=\"https:\/\/www.pro-device.com\/es\/destructoras\/\" \/>\n<meta property=\"og:locale\" content=\"es_ES\" \/>\n<meta property=\"og:type\" content=\"article\" \/>\n<meta property=\"og:title\" content=\"Destructoras - trituradoras de soportes de datos | ProDevice\" \/>\n<meta property=\"og:description\" content=\"Son dispositivos de \u00faltima generaci\u00f3n para la destrucci\u00f3n f\u00edsica de varios tipos de soportes de datos electr\u00f3nicos.\" \/>\n<meta property=\"og:url\" content=\"https:\/\/www.pro-device.com\/es\/destructoras\/\" \/>\n<meta property=\"og:site_name\" content=\"ProDevice\" \/>\n<meta property=\"article:modified_time\" content=\"2026-01-14T09:28:59+00:00\" \/>\n<meta name=\"twitter:card\" content=\"summary_large_image\" \/>\n<script type=\"application\/ld+json\" class=\"yoast-schema-graph\">{\"@context\":\"https:\\\/\\\/schema.org\",\"@graph\":[{\"@type\":\"WebPage\",\"@id\":\"https:\\\/\\\/www.pro-device.com\\\/es\\\/destructoras\\\/\",\"url\":\"https:\\\/\\\/www.pro-device.com\\\/es\\\/destructoras\\\/\",\"name\":\"Destructoras - trituradoras de soportes de datos | ProDevice\",\"isPartOf\":{\"@id\":\"https:\\\/\\\/www.pro-device.com\\\/pl\\\/#website\"},\"datePublished\":\"2021-06-08T16:30:22+00:00\",\"dateModified\":\"2026-01-14T09:28:59+00:00\",\"description\":\"Son dispositivos de \u00faltima generaci\u00f3n para la destrucci\u00f3n f\u00edsica de varios tipos de soportes de datos electr\u00f3nicos.\",\"breadcrumb\":{\"@id\":\"https:\\\/\\\/www.pro-device.com\\\/es\\\/destructoras\\\/#breadcrumb\"},\"inLanguage\":\"es\",\"potentialAction\":[{\"@type\":\"ReadAction\",\"target\":[\"https:\\\/\\\/www.pro-device.com\\\/es\\\/destructoras\\\/\"]}]},{\"@type\":\"BreadcrumbList\",\"@id\":\"https:\\\/\\\/www.pro-device.com\\\/es\\\/destructoras\\\/#breadcrumb\",\"itemListElement\":[{\"@type\":\"ListItem\",\"position\":1,\"name\":\"Home\",\"item\":\"https:\\\/\\\/www.pro-device.com\\\/es\\\/\"},{\"@type\":\"ListItem\",\"position\":2,\"name\":\"Destructoras\"}]},{\"@type\":\"WebSite\",\"@id\":\"https:\\\/\\\/www.pro-device.com\\\/pl\\\/#website\",\"url\":\"https:\\\/\\\/www.pro-device.com\\\/pl\\\/\",\"name\":\"ProDevice\",\"description\":\"Kolejna witryna oparta na WordPressie\",\"potentialAction\":[{\"@type\":\"SearchAction\",\"target\":{\"@type\":\"EntryPoint\",\"urlTemplate\":\"https:\\\/\\\/www.pro-device.com\\\/pl\\\/?s={search_term_string}\"},\"query-input\":{\"@type\":\"PropertyValueSpecification\",\"valueRequired\":true,\"valueName\":\"search_term_string\"}}],\"inLanguage\":\"es\"}]}<\/script>\n<!-- \/ Yoast SEO plugin. -->","yoast_head_json":{"title":"Destructoras - trituradoras de soportes de datos | ProDevice","description":"Son dispositivos de \u00faltima generaci\u00f3n para la destrucci\u00f3n f\u00edsica de varios tipos de soportes de datos electr\u00f3nicos.","robots":{"index":"index","follow":"follow","max-snippet":"max-snippet:-1","max-image-preview":"max-image-preview:large","max-video-preview":"max-video-preview:-1"},"canonical":"https:\/\/www.pro-device.com\/es\/destructoras\/","og_locale":"es_ES","og_type":"article","og_title":"Destructoras - trituradoras de soportes de datos | ProDevice","og_description":"Son dispositivos de \u00faltima generaci\u00f3n para la destrucci\u00f3n f\u00edsica de varios tipos de soportes de datos electr\u00f3nicos.","og_url":"https:\/\/www.pro-device.com\/es\/destructoras\/","og_site_name":"ProDevice","article_modified_time":"2026-01-14T09:28:59+00:00","twitter_card":"summary_large_image","schema":{"@context":"https:\/\/schema.org","@graph":[{"@type":"WebPage","@id":"https:\/\/www.pro-device.com\/es\/destructoras\/","url":"https:\/\/www.pro-device.com\/es\/destructoras\/","name":"Destructoras - trituradoras de soportes de datos | ProDevice","isPartOf":{"@id":"https:\/\/www.pro-device.com\/pl\/#website"},"datePublished":"2021-06-08T16:30:22+00:00","dateModified":"2026-01-14T09:28:59+00:00","description":"Son dispositivos de \u00faltima generaci\u00f3n para la destrucci\u00f3n f\u00edsica de varios tipos de soportes de datos electr\u00f3nicos.","breadcrumb":{"@id":"https:\/\/www.pro-device.com\/es\/destructoras\/#breadcrumb"},"inLanguage":"es","potentialAction":[{"@type":"ReadAction","target":["https:\/\/www.pro-device.com\/es\/destructoras\/"]}]},{"@type":"BreadcrumbList","@id":"https:\/\/www.pro-device.com\/es\/destructoras\/#breadcrumb","itemListElement":[{"@type":"ListItem","position":1,"name":"Home","item":"https:\/\/www.pro-device.com\/es\/"},{"@type":"ListItem","position":2,"name":"Destructoras"}]},{"@type":"WebSite","@id":"https:\/\/www.pro-device.com\/pl\/#website","url":"https:\/\/www.pro-device.com\/pl\/","name":"ProDevice","description":"Kolejna witryna oparta na WordPressie","potentialAction":[{"@type":"SearchAction","target":{"@type":"EntryPoint","urlTemplate":"https:\/\/www.pro-device.com\/pl\/?s={search_term_string}"},"query-input":{"@type":"PropertyValueSpecification","valueRequired":true,"valueName":"search_term_string"}}],"inLanguage":"es"}]}},"_links":{"self":[{"href":"https:\/\/www.pro-device.com\/es\/wp-json\/wp\/v2\/pages\/1383","targetHints":{"allow":["GET"]}}],"collection":[{"href":"https:\/\/www.pro-device.com\/es\/wp-json\/wp\/v2\/pages"}],"about":[{"href":"https:\/\/www.pro-device.com\/es\/wp-json\/wp\/v2\/types\/page"}],"author":[{"embeddable":true,"href":"https:\/\/www.pro-device.com\/es\/wp-json\/wp\/v2\/users\/1"}],"replies":[{"embeddable":true,"href":"https:\/\/www.pro-device.com\/es\/wp-json\/wp\/v2\/comments?post=1383"}],"version-history":[{"count":10,"href":"https:\/\/www.pro-device.com\/es\/wp-json\/wp\/v2\/pages\/1383\/revisions"}],"predecessor-version":[{"id":84384,"href":"https:\/\/www.pro-device.com\/es\/wp-json\/wp\/v2\/pages\/1383\/revisions\/84384"}],"wp:attachment":[{"href":"https:\/\/www.pro-device.com\/es\/wp-json\/wp\/v2\/media?parent=1383"}],"curies":[{"name":"wp","href":"https:\/\/api.w.org\/{rel}","templated":true}]}}