

{"id":1675,"date":"2021-06-05T14:39:26","date_gmt":"2021-06-05T12:39:26","guid":{"rendered":"http:\/\/prodevice.milleniumhost.pl\/szafy\/"},"modified":"2024-02-20T10:05:21","modified_gmt":"2024-02-20T09:05:21","slug":"datenschranke","status":"publish","type":"page","link":"https:\/\/www.pro-device.com\/de\/datenschranke\/","title":{"rendered":"Data Media Storage"},"content":{"rendered":"","protected":false},"excerpt":{"rendered":"","protected":false},"author":1,"featured_media":0,"parent":0,"menu_order":0,"comment_status":"closed","ping_status":"closed","template":"category.php","meta":{"_acf_changed":false,"footnotes":""},"class_list":["post-1675","page","type-page","status-publish","hentry"],"acf":[],"yoast_head":"<!-- This site is optimized with the Yoast SEO plugin v27.5 - https:\/\/yoast.com\/product\/yoast-seo-wordpress\/ -->\n<title>Schr\u00e4nke f\u00fcr Speichermedien DSS | ProDevice<\/title>\n<meta name=\"description\" content=\"ProDevice-Schr\u00e4nke f\u00fcr Speichermedien werden weltweit erfolgreich \u00fcber unser Vertriebsnetz verkauft.\" \/>\n<meta name=\"robots\" content=\"index, follow, max-snippet:-1, max-image-preview:large, max-video-preview:-1\" \/>\n<link rel=\"canonical\" href=\"https:\/\/www.pro-device.com\/de\/datenschranke\/\" \/>\n<meta property=\"og:locale\" content=\"de_DE\" \/>\n<meta property=\"og:type\" content=\"article\" \/>\n<meta property=\"og:title\" content=\"Schr\u00e4nke f\u00fcr Speichermedien DSS | ProDevice\" \/>\n<meta property=\"og:description\" content=\"ProDevice-Schr\u00e4nke f\u00fcr Speichermedien werden weltweit erfolgreich \u00fcber unser Vertriebsnetz verkauft.\" \/>\n<meta property=\"og:url\" content=\"https:\/\/www.pro-device.com\/de\/datenschranke\/\" \/>\n<meta property=\"og:site_name\" content=\"ProDevice\" \/>\n<meta property=\"article:modified_time\" content=\"2024-02-20T09:05:21+00:00\" \/>\n<meta name=\"twitter:card\" content=\"summary_large_image\" \/>\n<script type=\"application\/ld+json\" class=\"yoast-schema-graph\">{\"@context\":\"https:\\\/\\\/schema.org\",\"@graph\":[{\"@type\":\"WebPage\",\"@id\":\"https:\\\/\\\/www.pro-device.com\\\/de\\\/datenschranke\\\/\",\"url\":\"https:\\\/\\\/www.pro-device.com\\\/de\\\/datenschranke\\\/\",\"name\":\"Schr\u00e4nke f\u00fcr Speichermedien DSS | ProDevice\",\"isPartOf\":{\"@id\":\"https:\\\/\\\/www.pro-device.com\\\/pl\\\/#website\"},\"datePublished\":\"2021-06-05T12:39:26+00:00\",\"dateModified\":\"2024-02-20T09:05:21+00:00\",\"description\":\"ProDevice-Schr\u00e4nke f\u00fcr Speichermedien werden weltweit erfolgreich \u00fcber unser Vertriebsnetz verkauft.\",\"breadcrumb\":{\"@id\":\"https:\\\/\\\/www.pro-device.com\\\/de\\\/datenschranke\\\/#breadcrumb\"},\"inLanguage\":\"de\",\"potentialAction\":[{\"@type\":\"ReadAction\",\"target\":[\"https:\\\/\\\/www.pro-device.com\\\/de\\\/datenschranke\\\/\"]}]},{\"@type\":\"BreadcrumbList\",\"@id\":\"https:\\\/\\\/www.pro-device.com\\\/de\\\/datenschranke\\\/#breadcrumb\",\"itemListElement\":[{\"@type\":\"ListItem\",\"position\":1,\"name\":\"Home\",\"item\":\"https:\\\/\\\/www.pro-device.com\\\/de\\\/\"},{\"@type\":\"ListItem\",\"position\":2,\"name\":\"Data Media Storage\"}]},{\"@type\":\"WebSite\",\"@id\":\"https:\\\/\\\/www.pro-device.com\\\/pl\\\/#website\",\"url\":\"https:\\\/\\\/www.pro-device.com\\\/pl\\\/\",\"name\":\"ProDevice\",\"description\":\"Kolejna witryna oparta na WordPressie\",\"potentialAction\":[{\"@type\":\"SearchAction\",\"target\":{\"@type\":\"EntryPoint\",\"urlTemplate\":\"https:\\\/\\\/www.pro-device.com\\\/pl\\\/?s={search_term_string}\"},\"query-input\":{\"@type\":\"PropertyValueSpecification\",\"valueRequired\":true,\"valueName\":\"search_term_string\"}}],\"inLanguage\":\"de\"}]}<\/script>\n<!-- \/ Yoast SEO plugin. -->","yoast_head_json":{"title":"Schr\u00e4nke f\u00fcr Speichermedien DSS | ProDevice","description":"ProDevice-Schr\u00e4nke f\u00fcr Speichermedien werden weltweit erfolgreich \u00fcber unser Vertriebsnetz verkauft.","robots":{"index":"index","follow":"follow","max-snippet":"max-snippet:-1","max-image-preview":"max-image-preview:large","max-video-preview":"max-video-preview:-1"},"canonical":"https:\/\/www.pro-device.com\/de\/datenschranke\/","og_locale":"de_DE","og_type":"article","og_title":"Schr\u00e4nke f\u00fcr Speichermedien DSS | ProDevice","og_description":"ProDevice-Schr\u00e4nke f\u00fcr Speichermedien werden weltweit erfolgreich \u00fcber unser Vertriebsnetz verkauft.","og_url":"https:\/\/www.pro-device.com\/de\/datenschranke\/","og_site_name":"ProDevice","article_modified_time":"2024-02-20T09:05:21+00:00","twitter_card":"summary_large_image","schema":{"@context":"https:\/\/schema.org","@graph":[{"@type":"WebPage","@id":"https:\/\/www.pro-device.com\/de\/datenschranke\/","url":"https:\/\/www.pro-device.com\/de\/datenschranke\/","name":"Schr\u00e4nke f\u00fcr Speichermedien DSS | ProDevice","isPartOf":{"@id":"https:\/\/www.pro-device.com\/pl\/#website"},"datePublished":"2021-06-05T12:39:26+00:00","dateModified":"2024-02-20T09:05:21+00:00","description":"ProDevice-Schr\u00e4nke f\u00fcr Speichermedien werden weltweit erfolgreich \u00fcber unser Vertriebsnetz verkauft.","breadcrumb":{"@id":"https:\/\/www.pro-device.com\/de\/datenschranke\/#breadcrumb"},"inLanguage":"de","potentialAction":[{"@type":"ReadAction","target":["https:\/\/www.pro-device.com\/de\/datenschranke\/"]}]},{"@type":"BreadcrumbList","@id":"https:\/\/www.pro-device.com\/de\/datenschranke\/#breadcrumb","itemListElement":[{"@type":"ListItem","position":1,"name":"Home","item":"https:\/\/www.pro-device.com\/de\/"},{"@type":"ListItem","position":2,"name":"Data Media Storage"}]},{"@type":"WebSite","@id":"https:\/\/www.pro-device.com\/pl\/#website","url":"https:\/\/www.pro-device.com\/pl\/","name":"ProDevice","description":"Kolejna witryna oparta na WordPressie","potentialAction":[{"@type":"SearchAction","target":{"@type":"EntryPoint","urlTemplate":"https:\/\/www.pro-device.com\/pl\/?s={search_term_string}"},"query-input":{"@type":"PropertyValueSpecification","valueRequired":true,"valueName":"search_term_string"}}],"inLanguage":"de"}]}},"_links":{"self":[{"href":"https:\/\/www.pro-device.com\/de\/wp-json\/wp\/v2\/pages\/1675","targetHints":{"allow":["GET"]}}],"collection":[{"href":"https:\/\/www.pro-device.com\/de\/wp-json\/wp\/v2\/pages"}],"about":[{"href":"https:\/\/www.pro-device.com\/de\/wp-json\/wp\/v2\/types\/page"}],"author":[{"embeddable":true,"href":"https:\/\/www.pro-device.com\/de\/wp-json\/wp\/v2\/users\/1"}],"replies":[{"embeddable":true,"href":"https:\/\/www.pro-device.com\/de\/wp-json\/wp\/v2\/comments?post=1675"}],"version-history":[{"count":6,"href":"https:\/\/www.pro-device.com\/de\/wp-json\/wp\/v2\/pages\/1675\/revisions"}],"predecessor-version":[{"id":43772,"href":"https:\/\/www.pro-device.com\/de\/wp-json\/wp\/v2\/pages\/1675\/revisions\/43772"}],"wp:attachment":[{"href":"https:\/\/www.pro-device.com\/de\/wp-json\/wp\/v2\/media?parent=1675"}],"curies":[{"name":"wp","href":"https:\/\/api.w.org\/{rel}","templated":true}]}}