

{"id":1373,"date":"2021-06-08T18:30:22","date_gmt":"2021-06-08T16:30:22","guid":{"rendered":"http:\/\/prodevice.milleniumhost.pl\/niszczarki-nosnikow\/"},"modified":"2026-01-14T10:19:26","modified_gmt":"2026-01-14T09:19:26","slug":"shredders-destroyers","status":"publish","type":"page","link":"https:\/\/www.pro-device.com\/de\/shredders-destroyers\/","title":{"rendered":"Shredders\/destroyers"},"content":{"rendered":"","protected":false},"excerpt":{"rendered":"","protected":false},"author":1,"featured_media":0,"parent":0,"menu_order":0,"comment_status":"closed","ping_status":"closed","template":"category.php","meta":{"_acf_changed":false,"footnotes":""},"class_list":["post-1373","page","type-page","status-publish","hentry"],"acf":[],"yoast_head":"<!-- This site is optimized with the Yoast SEO plugin v27.4 - https:\/\/yoast.com\/product\/yoast-seo-wordpress\/ -->\n<title>Mechanische Zerst\u00f6rung von Speichermedien | ProDevice<\/title>\n<meta name=\"description\" content=\"ProDevice-Zerkleinerer sind modernste Ger\u00e4te zur physischen Zerst\u00f6rung verschiedener Arten von elektronischen Datentr\u00e4gern.\" \/>\n<meta name=\"robots\" content=\"index, follow, max-snippet:-1, max-image-preview:large, max-video-preview:-1\" \/>\n<link rel=\"canonical\" href=\"https:\/\/www.pro-device.com\/de\/shredders-destroyers\/\" \/>\n<meta property=\"og:locale\" content=\"de_DE\" \/>\n<meta property=\"og:type\" content=\"article\" \/>\n<meta property=\"og:title\" content=\"Mechanische Zerst\u00f6rung von Speichermedien | ProDevice\" \/>\n<meta property=\"og:description\" content=\"ProDevice-Zerkleinerer sind modernste Ger\u00e4te zur physischen Zerst\u00f6rung verschiedener Arten von elektronischen Datentr\u00e4gern.\" \/>\n<meta property=\"og:url\" content=\"https:\/\/www.pro-device.com\/de\/shredders-destroyers\/\" \/>\n<meta property=\"og:site_name\" content=\"ProDevice\" \/>\n<meta property=\"article:modified_time\" content=\"2026-01-14T09:19:26+00:00\" \/>\n<meta name=\"twitter:card\" content=\"summary_large_image\" \/>\n<script type=\"application\/ld+json\" class=\"yoast-schema-graph\">{\"@context\":\"https:\\\/\\\/schema.org\",\"@graph\":[{\"@type\":\"WebPage\",\"@id\":\"https:\\\/\\\/www.pro-device.com\\\/de\\\/shredders-destroyers\\\/\",\"url\":\"https:\\\/\\\/www.pro-device.com\\\/de\\\/shredders-destroyers\\\/\",\"name\":\"Mechanische Zerst\u00f6rung von Speichermedien | ProDevice\",\"isPartOf\":{\"@id\":\"https:\\\/\\\/www.pro-device.com\\\/pl\\\/#website\"},\"datePublished\":\"2021-06-08T16:30:22+00:00\",\"dateModified\":\"2026-01-14T09:19:26+00:00\",\"description\":\"ProDevice-Zerkleinerer sind modernste Ger\u00e4te zur physischen Zerst\u00f6rung verschiedener Arten von elektronischen Datentr\u00e4gern.\",\"breadcrumb\":{\"@id\":\"https:\\\/\\\/www.pro-device.com\\\/de\\\/shredders-destroyers\\\/#breadcrumb\"},\"inLanguage\":\"de\",\"potentialAction\":[{\"@type\":\"ReadAction\",\"target\":[\"https:\\\/\\\/www.pro-device.com\\\/de\\\/shredders-destroyers\\\/\"]}]},{\"@type\":\"BreadcrumbList\",\"@id\":\"https:\\\/\\\/www.pro-device.com\\\/de\\\/shredders-destroyers\\\/#breadcrumb\",\"itemListElement\":[{\"@type\":\"ListItem\",\"position\":1,\"name\":\"Home\",\"item\":\"https:\\\/\\\/www.pro-device.com\\\/de\\\/\"},{\"@type\":\"ListItem\",\"position\":2,\"name\":\"Shredders\\\/destroyers\"}]},{\"@type\":\"WebSite\",\"@id\":\"https:\\\/\\\/www.pro-device.com\\\/pl\\\/#website\",\"url\":\"https:\\\/\\\/www.pro-device.com\\\/pl\\\/\",\"name\":\"ProDevice\",\"description\":\"Kolejna witryna oparta na WordPressie\",\"potentialAction\":[{\"@type\":\"SearchAction\",\"target\":{\"@type\":\"EntryPoint\",\"urlTemplate\":\"https:\\\/\\\/www.pro-device.com\\\/pl\\\/?s={search_term_string}\"},\"query-input\":{\"@type\":\"PropertyValueSpecification\",\"valueRequired\":true,\"valueName\":\"search_term_string\"}}],\"inLanguage\":\"de\"}]}<\/script>\n<!-- \/ Yoast SEO plugin. -->","yoast_head_json":{"title":"Mechanische Zerst\u00f6rung von Speichermedien | ProDevice","description":"ProDevice-Zerkleinerer sind modernste Ger\u00e4te zur physischen Zerst\u00f6rung verschiedener Arten von elektronischen Datentr\u00e4gern.","robots":{"index":"index","follow":"follow","max-snippet":"max-snippet:-1","max-image-preview":"max-image-preview:large","max-video-preview":"max-video-preview:-1"},"canonical":"https:\/\/www.pro-device.com\/de\/shredders-destroyers\/","og_locale":"de_DE","og_type":"article","og_title":"Mechanische Zerst\u00f6rung von Speichermedien | ProDevice","og_description":"ProDevice-Zerkleinerer sind modernste Ger\u00e4te zur physischen Zerst\u00f6rung verschiedener Arten von elektronischen Datentr\u00e4gern.","og_url":"https:\/\/www.pro-device.com\/de\/shredders-destroyers\/","og_site_name":"ProDevice","article_modified_time":"2026-01-14T09:19:26+00:00","twitter_card":"summary_large_image","schema":{"@context":"https:\/\/schema.org","@graph":[{"@type":"WebPage","@id":"https:\/\/www.pro-device.com\/de\/shredders-destroyers\/","url":"https:\/\/www.pro-device.com\/de\/shredders-destroyers\/","name":"Mechanische Zerst\u00f6rung von Speichermedien | ProDevice","isPartOf":{"@id":"https:\/\/www.pro-device.com\/pl\/#website"},"datePublished":"2021-06-08T16:30:22+00:00","dateModified":"2026-01-14T09:19:26+00:00","description":"ProDevice-Zerkleinerer sind modernste Ger\u00e4te zur physischen Zerst\u00f6rung verschiedener Arten von elektronischen Datentr\u00e4gern.","breadcrumb":{"@id":"https:\/\/www.pro-device.com\/de\/shredders-destroyers\/#breadcrumb"},"inLanguage":"de","potentialAction":[{"@type":"ReadAction","target":["https:\/\/www.pro-device.com\/de\/shredders-destroyers\/"]}]},{"@type":"BreadcrumbList","@id":"https:\/\/www.pro-device.com\/de\/shredders-destroyers\/#breadcrumb","itemListElement":[{"@type":"ListItem","position":1,"name":"Home","item":"https:\/\/www.pro-device.com\/de\/"},{"@type":"ListItem","position":2,"name":"Shredders\/destroyers"}]},{"@type":"WebSite","@id":"https:\/\/www.pro-device.com\/pl\/#website","url":"https:\/\/www.pro-device.com\/pl\/","name":"ProDevice","description":"Kolejna witryna oparta na WordPressie","potentialAction":[{"@type":"SearchAction","target":{"@type":"EntryPoint","urlTemplate":"https:\/\/www.pro-device.com\/pl\/?s={search_term_string}"},"query-input":{"@type":"PropertyValueSpecification","valueRequired":true,"valueName":"search_term_string"}}],"inLanguage":"de"}]}},"_links":{"self":[{"href":"https:\/\/www.pro-device.com\/de\/wp-json\/wp\/v2\/pages\/1373","targetHints":{"allow":["GET"]}}],"collection":[{"href":"https:\/\/www.pro-device.com\/de\/wp-json\/wp\/v2\/pages"}],"about":[{"href":"https:\/\/www.pro-device.com\/de\/wp-json\/wp\/v2\/types\/page"}],"author":[{"embeddable":true,"href":"https:\/\/www.pro-device.com\/de\/wp-json\/wp\/v2\/users\/1"}],"replies":[{"embeddable":true,"href":"https:\/\/www.pro-device.com\/de\/wp-json\/wp\/v2\/comments?post=1373"}],"version-history":[{"count":18,"href":"https:\/\/www.pro-device.com\/de\/wp-json\/wp\/v2\/pages\/1373\/revisions"}],"predecessor-version":[{"id":84378,"href":"https:\/\/www.pro-device.com\/de\/wp-json\/wp\/v2\/pages\/1373\/revisions\/84378"}],"wp:attachment":[{"href":"https:\/\/www.pro-device.com\/de\/wp-json\/wp\/v2\/media?parent=1373"}],"curies":[{"name":"wp","href":"https:\/\/api.w.org\/{rel}","templated":true}]}}