

{"id":4988,"date":"2021-05-27T13:29:01","date_gmt":"2021-05-27T11:29:01","guid":{"rendered":"http:\/\/prodevice.milleniumhost.pl\/polityka-prywatnosci-2\/"},"modified":"2021-07-14T14:08:54","modified_gmt":"2021-07-14T12:08:54","slug":"soukromi","status":"publish","type":"page","link":"https:\/\/www.pro-device.com\/cs\/soukromi\/","title":{"rendered":"Soukrom\u00ed"},"content":{"rendered":"\n<p>Tato z\u00e1sada popisuje podm\u00ednky pou\u017e\u00edv\u00e1n\u00ed slu\u017eby www.pro-device.com.<br>Tato webov\u00e1 str\u00e1nka www.pro-device.com(\u201cwebov\u00e1 str\u00e1nka\u201d) je vlastn\u011bna a provozov\u00e1na spole\u010dnost\u00ed DISKUS Polska Sp. z o.o.<\/p>\n\n\n\n<p>T<strong>oto Prohl\u00e1\u0161en\u00ed o ochran\u011b osobn\u00edch \u00fadaj\u016f nab\u00fdv\u00e1 \u00fa\u010dinnosti od kv\u011btna 2018.<\/strong><\/p>\n\n\n\n<p>Ve spole\u010dnosti DISKUS Polska si uv\u011bdomujeme v\u00fdznam ochrany va\u0161ich osobn\u00edch \u00fadaj\u016f a jsme odhodl\u00e1ni je zpracov\u00e1vat odpov\u011bdn\u011b a v souladu s platn\u00fdmi pr\u00e1vn\u00edmi p\u0159edpisy o ochran\u011b osobn\u00edch \u00fadaj\u016f ve v\u0161ech zem\u00edch, kde DISKUS Polska p\u016fsob\u00ed.<\/p>\n\n\n\n<p>Toto Prohl\u00e1\u0161en\u00ed o ochran\u011b osobn\u00edch \u00fadaj\u016f popisuje obecn\u00e9 postupy ochrany osobn\u00edch \u00fadaj\u016f spole\u010dnosti DISKUS Polska , kter\u00e9 se vztahuj\u00ed na osobn\u00ed \u00fadaje, je\u017e shroma\u017e\u010fujeme, pou\u017e\u00edv\u00e1me a sd\u00edl\u00edme a kter\u00e9 se t\u00fdkaj\u00ed na\u0161ich z\u00e1kazn\u00edk\u016f a dal\u0161\u00edch fyzick\u00fdch osob, v r\u00e1mci na\u0161ich z\u00e1kazn\u00edk\u016f , obchodn\u00edch partner\u016f, dodavatel\u016f a dal\u0161\u00edch organizac\u00ed, s nimi\u017e spole\u010dnost DISKUS Polska spolupracuje \u010di spolupr\u00e1ci s nimi\u017e zva\u017euje.<\/p>\n\n\n\n<p>\u00dadaje o produktech na webov\u00fdch str\u00e1nk\u00e1ch www.pro-device.com slou\u017e\u00ed pouze pro informa\u010dn\u00ed \u00fa\u010dely a nep\u0159edstavuj\u00ed nab\u00eddku ve smyslu ob\u010dansk\u00e9ho z\u00e1kon\u00edku.<\/p>\n\n\n\n<p><strong>Pro\u010d a jak shroma\u017e\u010fujeme a pou\u017e\u00edv\u00e1me va\u0161e osobn\u00ed \u00fadaje<\/strong><\/p>\n\n\n\n<p>Osobn\u00ed \u00fadaje V\u00e1s jako\u017eto fyzick\u00e9 osoby m\u016f\u017eeme shroma\u017e\u010fovat pro r\u016fzn\u00e9 \u00fa\u010dely, jako je nap\u0159.:<\/p>\n\n\n\n<p><strong>P\u0159\u00edstup a pou\u017e\u00edv\u00e1n\u00ed webov\u00fdch str\u00e1nek nebo jin\u00fdch online slu\u017eeb<\/strong><br>P\u0159i vstupu na n\u011bkterou z na\u0161ich webov\u00fdch str\u00e1nek nebo v p\u0159\u00edpad\u011b pou\u017eit\u00ed online slu\u017eby zaznamen\u00e1me informace nezbytn\u00e9 pro to, abychom v\u00e1m mohli poskytnout p\u0159\u00edstup a \u0159\u00e1dn\u00fd provoz webov\u00fdch str\u00e1nek, stejn\u011b tak abychom mohli splnit sv\u00e9 povinnosti zabezpe\u010den\u00ed a z\u00e1konn\u00e9 povinnosti v souvislosti s provozem sv\u00fdch str\u00e1nek, jako jsou heslo, adresa IP nebo nastaven\u00ed prohl\u00ed\u017ee\u010de. Rovn\u011b\u017e shroma\u017e\u010fujeme informace o va\u0161\u00ed \u010dinnosti b\u011bhem va\u0161\u00ed n\u00e1v\u0161t\u011bvy za \u00fa\u010delem p\u0159izp\u016fsoben\u00ed va\u0161ich zku\u0161enost\u00ed s webov\u00fdmi str\u00e1nkami, jako jsou z\u00e1znam va\u0161ich p\u0159edvoleb a nastaven\u00ed, a za \u00fa\u010delem shrom\u00e1\u017ed\u011bn\u00ed statistik, kter\u00e9 n\u00e1m pom\u00e1haj\u00ed se zlep\u0161ov\u00e1n\u00edm a dal\u0161\u00edm rozvojem na\u0161ich webov\u00fdch str\u00e1nek, produkt\u016f a slu\u017eeb.<br><br><strong>Reakce na va\u0161e \u017e\u00e1dosti o informace, objedn\u00e1vky nebo podporu<\/strong><br>V p\u0159\u00edpad\u011b, \u017ee n\u00e1s kontaktujete (online \u010di offline) v souvislosti s \u017e\u00e1dost\u00ed o informace, pro objedn\u00e1vku produktu \u010di slu\u017eby, poskytnut\u00ed podpory nebo pro \u00fa\u010dast na f\u00f3ru nebo jin\u00e9m soci\u00e1ln\u00edm po\u010d\u00edta\u010dov\u00e9m n\u00e1stroji, shroma\u017e\u010fujeme informace nezbytn\u00e9 pro spln\u011bn\u00ed va\u0161\u00ed \u017e\u00e1dosti, za \u00fa\u010delem poskytnut\u00ed p\u0159\u00edstupu k produktu nebo slu\u017eb\u011b, poskytnut\u00ed podpory nebo abychom v\u00e1s mohli kontaktovat. Shroma\u017e\u010fujeme nap\u0159\u00edklad va\u0161e jm\u00e9no a kontaktn\u00ed \u00fadaje, podrobnosti o va\u0161\u00ed \u017e\u00e1dosti a va\u0161\u00ed dohod\u011b s n\u00e1mi, jako\u017e i pln\u011bn\u00ed, dod\u00e1n\u00ed a fakturaci va\u0161\u00ed objedn\u00e1vky. Sou\u010dasn\u011b jsme opr\u00e1vn\u011bni zahrnout informace o pr\u016fzkumu spokojenosti z\u00e1kazn\u00edka. Tyto informace uchov\u00e1v\u00e1me pro administrativn\u00ed \u00fa\u010dely, ochranu sv\u00fdch pr\u00e1v a v souvislosti se vztahem s v\u00e1mi.<br><br><strong>Kontaktov\u00e1n\u00ed zam\u011bstnanc\u016f na\u0161ich z\u00e1kazn\u00edk\u016f, potenci\u00e1ln\u00edch z\u00e1kazn\u00edk\u016f, partner\u016f a dodavatel\u016f<\/strong><br>V na\u0161em vztahu se z\u00e1kazn\u00edky nebo potenci\u00e1ln\u00edmi z\u00e1kazn\u00edky, partnery a dodavateli n\u00e1m tito rovn\u011b\u017e poskytuj\u00ed obchodn\u00ed kontaktn\u00ed informace (jako jsou jm\u00e9no, obchodn\u00ed kontaktn\u00ed \u00fadaje, funkce nebo titul jejich zam\u011bstnanc\u016f, dodavatel\u016f, poradc\u016f a opr\u00e1vn\u011bn\u00fdch u\u017eivatel\u016f) pro \u00fa\u010dely, jako jsou spr\u00e1va smlouvy, pln\u011bn\u00ed, dod\u00e1vka produkt\u016f a poskytov\u00e1n\u00ed slu\u017eeb, poskytov\u00e1n\u00ed podpory, fakturace a spr\u00e1va slu\u017eeb nebo vztahu.<br><br><strong>Informace o n\u00e1v\u0161t\u011bvn\u00edc\u00edch<\/strong><br>Registrujeme fyzick\u00e9 osoby, kter\u00e9 nav\u0161t\u011bvuj\u00ed na\u0161e prostory a lokality (jm\u00e9no, identifika\u010dn\u00ed \u00fadaje a obchodn\u00ed kontaktn\u00ed \u00fadaje), a pou\u017e\u00edv\u00e1me bezpe\u010dnostn\u00ed kamery z d\u016fvodu zabezpe\u010den\u00ed a bezpe\u010dnosti osob a majetku, jako\u017e i pro regula\u010dn\u00ed \u00fa\u010dely.<\/p>\n\n\n\n<p>V p\u0159\u00edpad\u011b, \u017ee odkazujeme na pou\u017e\u00edv\u00e1n\u00ed va\u0161ich osobn\u00edch \u00fadaj\u016f v kontextu \u017e\u00e1dosti, objedn\u00e1vky, transakce \u010di smlouvy (nebo v r\u00e1mci jejich p\u0159\u00edpravy), nebo pokud v\u00e1m poskytujeme slu\u017eby, kter\u00e9 po\u017eadujete (jako nap\u0159. webov\u00e9 str\u00e1nky), \u010din\u00edme tak, nebo\u0165 je to nezbytn\u00e9 pro pln\u011bn\u00ed smlouvy s v\u00e1mi.<\/p>\n\n\n\n<p>DISKUS Polska neur\u010duje Inspektor ochrany dat. Ve v\u0161ech z\u00e1le\u017eitostech t\u00fdkaj\u00edc\u00edch se zpracov\u00e1n\u00ed dat se m\u016f\u017eete obr\u00e1tit na spr\u00e1vce na n\u00e1sleduj\u00edc\u00ed e-mailov\u00e9 adrese: abi@diskus.pl<\/p>\n","protected":false},"excerpt":{"rendered":"<p>Tato z\u00e1sada popisuje podm\u00ednky pou\u017e\u00edv\u00e1n\u00ed slu\u017eby www.pro-device.com.Tato webov\u00e1 str\u00e1nka www.pro-device.com(\u201cwebov\u00e1 str\u00e1nka\u201d) je vlastn\u011bna a provozov\u00e1na spole\u010dnost\u00ed DISKUS Polska Sp. z o.o. Toto Prohl\u00e1\u0161en\u00ed o ochran\u011b osobn\u00edch \u00fadaj\u016f nab\u00fdv\u00e1 \u00fa\u010dinnosti od kv\u011btna 2018. Ve spole\u010dnosti DISKUS Polska si uv\u011bdomujeme v\u00fdznam ochrany va\u0161ich osobn\u00edch \u00fadaj\u016f a jsme odhodl\u00e1ni je zpracov\u00e1vat odpov\u011bdn\u011b a v souladu s platn\u00fdmi pr\u00e1vn\u00edmi [&hellip;]<\/p>\n","protected":false},"author":1,"featured_media":0,"parent":0,"menu_order":0,"comment_status":"closed","ping_status":"closed","template":"","meta":{"_acf_changed":false,"footnotes":""},"class_list":["post-4988","page","type-page","status-publish","hentry"],"acf":[],"yoast_head":"<!-- This site is optimized with the Yoast SEO plugin v27.5 - https:\/\/yoast.com\/product\/yoast-seo-wordpress\/ -->\n<title>Soukrom\u00ed - ProDevice<\/title>\n<meta name=\"robots\" content=\"index, follow, max-snippet:-1, max-image-preview:large, max-video-preview:-1\" \/>\n<link rel=\"canonical\" href=\"https:\/\/www.pro-device.com\/cs\/soukromi\/\" \/>\n<meta property=\"og:locale\" content=\"cs_CZ\" \/>\n<meta property=\"og:type\" content=\"article\" \/>\n<meta property=\"og:title\" content=\"Soukrom\u00ed - ProDevice\" \/>\n<meta property=\"og:description\" content=\"Tato z\u00e1sada popisuje podm\u00ednky pou\u017e\u00edv\u00e1n\u00ed slu\u017eby www.pro-device.com.Tato webov\u00e1 str\u00e1nka www.pro-device.com(\u201cwebov\u00e1 str\u00e1nka\u201d) je vlastn\u011bna a provozov\u00e1na spole\u010dnost\u00ed DISKUS Polska Sp. z o.o. Toto Prohl\u00e1\u0161en\u00ed o ochran\u011b osobn\u00edch \u00fadaj\u016f nab\u00fdv\u00e1 \u00fa\u010dinnosti od kv\u011btna 2018. Ve spole\u010dnosti DISKUS Polska si uv\u011bdomujeme v\u00fdznam ochrany va\u0161ich osobn\u00edch \u00fadaj\u016f a jsme odhodl\u00e1ni je zpracov\u00e1vat odpov\u011bdn\u011b a v souladu s platn\u00fdmi pr\u00e1vn\u00edmi [&hellip;]\" \/>\n<meta property=\"og:url\" content=\"https:\/\/www.pro-device.com\/cs\/soukromi\/\" \/>\n<meta property=\"og:site_name\" content=\"ProDevice\" \/>\n<meta property=\"article:modified_time\" content=\"2021-07-14T12:08:54+00:00\" \/>\n<meta name=\"twitter:card\" content=\"summary_large_image\" \/>\n<meta name=\"twitter:label1\" content=\"Odhadovan\u00e1 doba \u010dten\u00ed\" \/>\n\t<meta name=\"twitter:data1\" content=\"4 minuty\" \/>\n<script type=\"application\/ld+json\" class=\"yoast-schema-graph\">{\"@context\":\"https:\\\/\\\/schema.org\",\"@graph\":[{\"@type\":\"WebPage\",\"@id\":\"https:\\\/\\\/www.pro-device.com\\\/cs\\\/soukromi\\\/\",\"url\":\"https:\\\/\\\/www.pro-device.com\\\/cs\\\/soukromi\\\/\",\"name\":\"Soukrom\u00ed - ProDevice\",\"isPartOf\":{\"@id\":\"https:\\\/\\\/www.pro-device.com\\\/pl\\\/#website\"},\"datePublished\":\"2021-05-27T11:29:01+00:00\",\"dateModified\":\"2021-07-14T12:08:54+00:00\",\"breadcrumb\":{\"@id\":\"https:\\\/\\\/www.pro-device.com\\\/cs\\\/soukromi\\\/#breadcrumb\"},\"inLanguage\":\"cs\",\"potentialAction\":[{\"@type\":\"ReadAction\",\"target\":[\"https:\\\/\\\/www.pro-device.com\\\/cs\\\/soukromi\\\/\"]}]},{\"@type\":\"BreadcrumbList\",\"@id\":\"https:\\\/\\\/www.pro-device.com\\\/cs\\\/soukromi\\\/#breadcrumb\",\"itemListElement\":[{\"@type\":\"ListItem\",\"position\":1,\"name\":\"Home\",\"item\":\"https:\\\/\\\/www.pro-device.com\\\/cs\\\/\"},{\"@type\":\"ListItem\",\"position\":2,\"name\":\"Soukrom\u00ed\"}]},{\"@type\":\"WebSite\",\"@id\":\"https:\\\/\\\/www.pro-device.com\\\/pl\\\/#website\",\"url\":\"https:\\\/\\\/www.pro-device.com\\\/pl\\\/\",\"name\":\"ProDevice\",\"description\":\"Kolejna witryna oparta na WordPressie\",\"potentialAction\":[{\"@type\":\"SearchAction\",\"target\":{\"@type\":\"EntryPoint\",\"urlTemplate\":\"https:\\\/\\\/www.pro-device.com\\\/pl\\\/?s={search_term_string}\"},\"query-input\":{\"@type\":\"PropertyValueSpecification\",\"valueRequired\":true,\"valueName\":\"search_term_string\"}}],\"inLanguage\":\"cs\"}]}<\/script>\n<!-- \/ Yoast SEO plugin. -->","yoast_head_json":{"title":"Soukrom\u00ed - ProDevice","robots":{"index":"index","follow":"follow","max-snippet":"max-snippet:-1","max-image-preview":"max-image-preview:large","max-video-preview":"max-video-preview:-1"},"canonical":"https:\/\/www.pro-device.com\/cs\/soukromi\/","og_locale":"cs_CZ","og_type":"article","og_title":"Soukrom\u00ed - ProDevice","og_description":"Tato z\u00e1sada popisuje podm\u00ednky pou\u017e\u00edv\u00e1n\u00ed slu\u017eby www.pro-device.com.Tato webov\u00e1 str\u00e1nka www.pro-device.com(\u201cwebov\u00e1 str\u00e1nka\u201d) je vlastn\u011bna a provozov\u00e1na spole\u010dnost\u00ed DISKUS Polska Sp. z o.o. Toto Prohl\u00e1\u0161en\u00ed o ochran\u011b osobn\u00edch \u00fadaj\u016f nab\u00fdv\u00e1 \u00fa\u010dinnosti od kv\u011btna 2018. Ve spole\u010dnosti DISKUS Polska si uv\u011bdomujeme v\u00fdznam ochrany va\u0161ich osobn\u00edch \u00fadaj\u016f a jsme odhodl\u00e1ni je zpracov\u00e1vat odpov\u011bdn\u011b a v souladu s platn\u00fdmi pr\u00e1vn\u00edmi [&hellip;]","og_url":"https:\/\/www.pro-device.com\/cs\/soukromi\/","og_site_name":"ProDevice","article_modified_time":"2021-07-14T12:08:54+00:00","twitter_card":"summary_large_image","twitter_misc":{"Odhadovan\u00e1 doba \u010dten\u00ed":"4 minuty"},"schema":{"@context":"https:\/\/schema.org","@graph":[{"@type":"WebPage","@id":"https:\/\/www.pro-device.com\/cs\/soukromi\/","url":"https:\/\/www.pro-device.com\/cs\/soukromi\/","name":"Soukrom\u00ed - ProDevice","isPartOf":{"@id":"https:\/\/www.pro-device.com\/pl\/#website"},"datePublished":"2021-05-27T11:29:01+00:00","dateModified":"2021-07-14T12:08:54+00:00","breadcrumb":{"@id":"https:\/\/www.pro-device.com\/cs\/soukromi\/#breadcrumb"},"inLanguage":"cs","potentialAction":[{"@type":"ReadAction","target":["https:\/\/www.pro-device.com\/cs\/soukromi\/"]}]},{"@type":"BreadcrumbList","@id":"https:\/\/www.pro-device.com\/cs\/soukromi\/#breadcrumb","itemListElement":[{"@type":"ListItem","position":1,"name":"Home","item":"https:\/\/www.pro-device.com\/cs\/"},{"@type":"ListItem","position":2,"name":"Soukrom\u00ed"}]},{"@type":"WebSite","@id":"https:\/\/www.pro-device.com\/pl\/#website","url":"https:\/\/www.pro-device.com\/pl\/","name":"ProDevice","description":"Kolejna witryna oparta na WordPressie","potentialAction":[{"@type":"SearchAction","target":{"@type":"EntryPoint","urlTemplate":"https:\/\/www.pro-device.com\/pl\/?s={search_term_string}"},"query-input":{"@type":"PropertyValueSpecification","valueRequired":true,"valueName":"search_term_string"}}],"inLanguage":"cs"}]}},"_links":{"self":[{"href":"https:\/\/www.pro-device.com\/cs\/wp-json\/wp\/v2\/pages\/4988","targetHints":{"allow":["GET"]}}],"collection":[{"href":"https:\/\/www.pro-device.com\/cs\/wp-json\/wp\/v2\/pages"}],"about":[{"href":"https:\/\/www.pro-device.com\/cs\/wp-json\/wp\/v2\/types\/page"}],"author":[{"embeddable":true,"href":"https:\/\/www.pro-device.com\/cs\/wp-json\/wp\/v2\/users\/1"}],"replies":[{"embeddable":true,"href":"https:\/\/www.pro-device.com\/cs\/wp-json\/wp\/v2\/comments?post=4988"}],"version-history":[{"count":3,"href":"https:\/\/www.pro-device.com\/cs\/wp-json\/wp\/v2\/pages\/4988\/revisions"}],"predecessor-version":[{"id":7068,"href":"https:\/\/www.pro-device.com\/cs\/wp-json\/wp\/v2\/pages\/4988\/revisions\/7068"}],"wp:attachment":[{"href":"https:\/\/www.pro-device.com\/cs\/wp-json\/wp\/v2\/media?parent=4988"}],"curies":[{"name":"wp","href":"https:\/\/api.w.org\/{rel}","templated":true}]}}